{"id":938,"date":"2016-11-25T16:09:45","date_gmt":"2016-11-25T16:09:45","guid":{"rendered":"http:\/\/grausa.com\/new\/?page_id=938"},"modified":"2019-10-28T11:37:00","modified_gmt":"2019-10-28T11:37:00","slug":"sostenibilidad","status":"publish","type":"page","link":"https:\/\/grausa.com\/new\/sostenibilidad\/?lang=es","title":{"rendered":"Sostenibilidad, Responsabilidad e Innovaci\u00f3n"},"content":{"rendered":"<p>Certificado GOTS &#8211; Global Organic Textile Standard.<\/p>\n<p>Certificado GRS &#8211; Global Recycled standard.<\/p>\n<p>Certificado JOIN LIFE del grupo INDITEX.<\/p>\n<p>Certificado OEKO-TEX\u00ae STANDARD 100.<\/p>\n<p>Comprometidos con la sostenibilidad y el medio ambiente en nuestro proceso productivo:<\/p>\n<ul>\n<li>EDAR (Estaci\u00f3n Depuradora de Aguas Residuales) de alta eficiencia f\u00edsico-qu\u00edmica + biol\u00f3gica + tratamiento terciario<\/li>\n<li>Mantenimiento de un caudal ecol\u00f3gico en el Riu Ripoll pactado con la Administraci\u00f3n<\/li>\n<li>Construcci\u00f3n de una escalera de peces para la continuidad del movimiento de los peces pactado con la Administracion<\/li>\n<li>Evaluaci\u00f3n energ\u00e9tica externa<\/li>\n<li>Cogeneraci\u00f3n de alto rendimiento<\/li>\n<li>Eficiencia energ\u00e9tica el\u00e9ctrica: LEDs, variadores de frecuencia, motores de alta eficiencia, etc.<\/li>\n<li>Eficiencia energ\u00e9tica gas: Control autom\u00e1tico de procesos, regulaci\u00f3n de aire y combusti\u00f3n en quemadores,\u00a0 extracci\u00f3n inteligente de renovaci\u00f3n, etc.<\/li>\n<li>Eficiencia energ\u00e9tica vapor: Caldera de alta eficiencia, recuperaci\u00f3n de condensados, purgadores autom\u00e1ticos, quemador con control de aire de combusti\u00f3n, etc.<\/li>\n<li>Eficiencia energ\u00e9tica aire comprimido: Generador de aire variable con variador de frecuencia, \u00a0control de consumos, acumuladores, secadores, etc.<\/li>\n<li>Eficiencia energ\u00e9tica aguas: Recuperaci\u00f3n de aguas de refrigeraci\u00f3n, control de consumos, racionalizaci\u00f3n de procesos, etc.<\/li>\n<li>Reutilizaci\u00f3n de aguas de proceso intermedio<\/li>\n<li>Recirculaci\u00f3n de aguas residuales<\/li>\n<\/ul>\n<div class=\"su-row\"><div class=\"su-column su-column-size-1-3\"><div class=\"su-column-inner su-u-clearfix su-u-trim\">\n<img loading=\"lazy\" class=\"alignnone size-full wp-image-1961\" src=\"http:\/\/grausa.com\/new\/wp-content\/uploads\/2018\/03\/Exterior3.jpg\" alt=\"\" width=\"1020\" height=\"836\" srcset=\"https:\/\/grausa.com\/new\/wp-content\/uploads\/2018\/03\/Exterior3.jpg 1020w, https:\/\/grausa.com\/new\/wp-content\/uploads\/2018\/03\/Exterior3-300x246.jpg 300w, https:\/\/grausa.com\/new\/wp-content\/uploads\/2018\/03\/Exterior3-768x629.jpg 768w\" sizes=\"(max-width: 1020px) 100vw, 1020px\" \/><br \/>\n<\/div><\/div><div class=\"su-column su-column-size-1-3\"><div class=\"su-column-inner su-u-clearfix su-u-trim\">\n<img loading=\"lazy\" class=\"alignnone size-full wp-image-1872\" src=\"http:\/\/grausa.com\/new\/wp-content\/uploads\/2018\/01\/100_1384-e1517933855361.jpg\" alt=\"Sostenibilitat\" width=\"675\" height=\"506\" \/><br \/>\n<\/div><\/div><div class=\"su-column su-column-size-1-3\"><div class=\"su-column-inner su-u-clearfix su-u-trim\">\n<p><img loading=\"lazy\" class=\"size-full wp-image-1874\" src=\"http:\/\/grausa.com\/new\/wp-content\/uploads\/2018\/01\/100_1576-e1517934200871.jpg\" alt=\"\" width=\"675\" height=\"506\" \/><\/p>\n<\/div><\/div><\/div>\n<ul>\n<li>Filtros de humos<\/li>\n<li>Automatizaci\u00f3n y monitorizaci\u00f3n de procesos<\/li>\n<li>Dispensadores autom\u00e1ticos de tintes y auxiliares<\/li>\n<li>Cursos de concienciaci\u00f3n en sostenibilidad<\/li>\n<\/ul>\n<p>Fabricaci\u00f3n basada en la sostenibilidad, la responsabilidad y el respeto al medio ambiente.<br \/>\nSomos exigentes en la gesti\u00f3n de residuos y energ\u00eda, creemos en la ecolog\u00eda y apostamos por ella, creemos en las personas, que son las que nos hacen l\u00edderes de nuestro sector. Apostamos por la calidad como herramienta para conseguir nuestro objetivo, que es el de nuestro cliente.<\/p>\n<p>Comprometidos con la innovaci\u00f3n el servicio y la calidad. Nuevas fibras, nuevos tejidos, nuevas soluciones, polivalencia, moda, garant\u00eda, compromiso. Departamento de I + D, control de calidad a la recepci\u00f3n del tejido, control de la calidad en los procesos intermedios, trazabilidad, control calidad producto final, mejora continua de m\u00e9todos.<\/p>\n<div class=\"su-row\"><div class=\"su-column su-column-size-1-3\"><div class=\"su-column-inner su-u-clearfix su-u-trim\">\n<p><img loading=\"lazy\" class=\"size-full wp-image-1965\" src=\"http:\/\/grausa.com\/new\/wp-content\/uploads\/2018\/03\/101_0068.jpg\" alt=\"\" width=\"4608\" height=\"3456\" srcset=\"https:\/\/grausa.com\/new\/wp-content\/uploads\/2018\/03\/101_0068.jpg 4608w, https:\/\/grausa.com\/new\/wp-content\/uploads\/2018\/03\/101_0068-300x225.jpg 300w, https:\/\/grausa.com\/new\/wp-content\/uploads\/2018\/03\/101_0068-768x576.jpg 768w, https:\/\/grausa.com\/new\/wp-content\/uploads\/2018\/03\/101_0068-1024x768.jpg 1024w\" sizes=\"(max-width: 4608px) 100vw, 4608px\" \/><\/p>\n<\/div><\/div><div class=\"su-column su-column-size-1-3\"><div class=\"su-column-inner su-u-clearfix su-u-trim\">\n<img loading=\"lazy\" class=\"alignnone size-full wp-image-1967\" src=\"http:\/\/grausa.com\/new\/wp-content\/uploads\/2018\/03\/Exterior1.jpg\" alt=\"\" width=\"1578\" height=\"924\" srcset=\"https:\/\/grausa.com\/new\/wp-content\/uploads\/2018\/03\/Exterior1.jpg 1578w, https:\/\/grausa.com\/new\/wp-content\/uploads\/2018\/03\/Exterior1-300x176.jpg 300w, https:\/\/grausa.com\/new\/wp-content\/uploads\/2018\/03\/Exterior1-768x450.jpg 768w, https:\/\/grausa.com\/new\/wp-content\/uploads\/2018\/03\/Exterior1-1024x600.jpg 1024w\" sizes=\"(max-width: 1578px) 100vw, 1578px\" \/><br \/>\n<\/div><\/div><div class=\"su-column su-column-size-1-3\"><div class=\"su-column-inner su-u-clearfix su-u-trim\">\n<img loading=\"lazy\" class=\"alignnone size-full wp-image-1966\" src=\"http:\/\/grausa.com\/new\/wp-content\/uploads\/2018\/03\/IMG_0391.jpg\" alt=\"\" width=\"640\" height=\"480\" srcset=\"https:\/\/grausa.com\/new\/wp-content\/uploads\/2018\/03\/IMG_0391.jpg 640w, https:\/\/grausa.com\/new\/wp-content\/uploads\/2018\/03\/IMG_0391-300x225.jpg 300w\" sizes=\"(max-width: 640px) 100vw, 640px\" \/><br \/>\n<\/div><\/div><\/div>\n<p><strong>GRAU, S.A.<\/strong> ha recibido una ayuda de 95.640 \u20ac para su proyecto de ahorro y eficiencia energ\u00e9tica \u201cAplicaci\u00f3n de tecnolog\u00edas energ\u00e9ticas en una industria de acabado de textiles\u201d a trav\u00e9s del INSTITUTO DE DIVERSIFICACI\u00d3N Y AHORRO DE LA ENERG\u00cdA (IDAE), ayuda cofinanciada por la Uni\u00f3n Europea a trav\u00e9s del Programa Operativo FEDER de Crecimiento Inteligente 2014-2020. <em>El objetivo del proyecto es la automatizaci\u00f3n de equipos de tintura y acabado, y la optimizaci\u00f3n de la combusti\u00f3n del generador de vapor. <\/em>Esta actuaci\u00f3n ha supuesto a GRAU, S.A. llevar a cabo una inversi\u00f3n de 318.800 \u20ac.<\/p>\n<p><img loading=\"lazy\" class=\"alignnone size-full wp-image-2092\" src=\"http:\/\/grausa.com\/new\/wp-content\/uploads\/2018\/09\/UE.jpg\" alt=\"\" width=\"445\" height=\"315\" srcset=\"https:\/\/grausa.com\/new\/wp-content\/uploads\/2018\/09\/UE.jpg 445w, https:\/\/grausa.com\/new\/wp-content\/uploads\/2018\/09\/UE-300x212.jpg 300w, https:\/\/grausa.com\/new\/wp-content\/uploads\/2018\/09\/UE-380x270.jpg 380w\" sizes=\"(max-width: 445px) 100vw, 445px\" \/><\/p>\n<p>&nbsp;<\/p>\n","protected":false},"excerpt":{"rendered":"<p>Certificado GOTS &#8211; Global Organic Textile Standard. Certificado GRS &#8211; Global Recycled standard. Certificado JOIN LIFE del grupo INDITEX. Certificado OEKO-TEX\u00ae STANDARD 100. Comprometidos con la sostenibilidad y el medio ambiente en nuestro proceso productivo: EDAR (Estaci\u00f3n Depuradora de Aguas Residuales) de alta eficiencia f\u00edsico-qu\u00edmica + biol\u00f3gica + tratamiento terciario Mantenimiento de un caudal ecol\u00f3gico &hellip;<\/p>\n","protected":false},"author":1,"featured_media":0,"parent":0,"menu_order":0,"comment_status":"closed","ping_status":"closed","template":"template-fullwidth.php","meta":{"kk_blocks_editor_width":"","_kiokenblocks_attr":"","_kiokenblocks_dimensions":""},"_links":{"self":[{"href":"https:\/\/grausa.com\/new\/wp-json\/wp\/v2\/pages\/938"}],"collection":[{"href":"https:\/\/grausa.com\/new\/wp-json\/wp\/v2\/pages"}],"about":[{"href":"https:\/\/grausa.com\/new\/wp-json\/wp\/v2\/types\/page"}],"author":[{"embeddable":true,"href":"https:\/\/grausa.com\/new\/wp-json\/wp\/v2\/users\/1"}],"replies":[{"embeddable":true,"href":"https:\/\/grausa.com\/new\/wp-json\/wp\/v2\/comments?post=938"}],"version-history":[{"count":15,"href":"https:\/\/grausa.com\/new\/wp-json\/wp\/v2\/pages\/938\/revisions"}],"predecessor-version":[{"id":2498,"href":"https:\/\/grausa.com\/new\/wp-json\/wp\/v2\/pages\/938\/revisions\/2498"}],"wp:attachment":[{"href":"https:\/\/grausa.com\/new\/wp-json\/wp\/v2\/media?parent=938"}],"curies":[{"name":"wp","href":"https:\/\/api.w.org\/{rel}","templated":true}]}}