{"id":903,"date":"2016-11-25T14:10:00","date_gmt":"2016-11-25T14:10:00","guid":{"rendered":"http:\/\/grausa.com\/new\/?page_id=903"},"modified":"2016-12-01T16:33:25","modified_gmt":"2016-12-01T16:33:25","slug":"innovacion","status":"publish","type":"page","link":"https:\/\/grausa.com\/new\/sostenibilidad\/innovacion\/?lang=es","title":{"rendered":"Innovaci\u00f3n"},"content":{"rendered":"<p>Comprometidos con la innovaci\u00f3n el servicio y la calidad. Nuevas fibras, nuevos tejidos, nuevas soluciones, polivalencia, moda, garant\u00eda, compromiso. Departamento de I + D, control de calidad a la recepci\u00f3n del tejido, control de la calidad en los procesos intermedios, trazabilidad, control calidad producto final, mejora continua de m\u00e9todos.<\/p>\n<div class=\"su-row\"><\/div><div class=\"su-column su-column-size-1-3\"><div class=\"su-column-inner su-u-clearfix su-u-trim\">\n<img src=\"http:\/\/grausa.com\/new\/wp-content\/uploads\/2016\/12\/inn01.jpg\" \/><br \/>\n<\/div><\/div><div class=\"su-column su-column-size-1-3\"><div class=\"su-column-inner su-u-clearfix su-u-trim\">\n<img src=\"http:\/\/grausa.com\/new\/wp-content\/uploads\/2016\/12\/inn02.jpg\" \/><br \/>\n<\/div><\/div><div class=\"su-column su-column-size-1-3\"><div class=\"su-column-inner su-u-clearfix su-u-trim\">\n<img src=\"http:\/\/grausa.com\/new\/wp-content\/uploads\/2016\/12\/inn03.jpg\" \/><br \/>\n<\/div><\/div>\n","protected":false},"excerpt":{"rendered":"<p>Comprometidos con la innovaci\u00f3n el servicio y la calidad. Nuevas fibras, nuevos tejidos, nuevas soluciones, polivalencia, moda, garant\u00eda, compromiso. Departamento de I + D, control de calidad a la recepci\u00f3n del tejido, control de la calidad en los procesos intermedios, trazabilidad, control calidad producto final, mejora continua de m\u00e9todos.<\/p>\n","protected":false},"author":1,"featured_media":0,"parent":938,"menu_order":0,"comment_status":"closed","ping_status":"closed","template":"","meta":{"kk_blocks_editor_width":"","_kiokenblocks_attr":"","_kiokenblocks_dimensions":""},"_links":{"self":[{"href":"https:\/\/grausa.com\/new\/wp-json\/wp\/v2\/pages\/903"}],"collection":[{"href":"https:\/\/grausa.com\/new\/wp-json\/wp\/v2\/pages"}],"about":[{"href":"https:\/\/grausa.com\/new\/wp-json\/wp\/v2\/types\/page"}],"author":[{"embeddable":true,"href":"https:\/\/grausa.com\/new\/wp-json\/wp\/v2\/users\/1"}],"replies":[{"embeddable":true,"href":"https:\/\/grausa.com\/new\/wp-json\/wp\/v2\/comments?post=903"}],"version-history":[{"count":4,"href":"https:\/\/grausa.com\/new\/wp-json\/wp\/v2\/pages\/903\/revisions"}],"predecessor-version":[{"id":1031,"href":"https:\/\/grausa.com\/new\/wp-json\/wp\/v2\/pages\/903\/revisions\/1031"}],"up":[{"embeddable":true,"href":"https:\/\/grausa.com\/new\/wp-json\/wp\/v2\/pages\/938"}],"wp:attachment":[{"href":"https:\/\/grausa.com\/new\/wp-json\/wp\/v2\/media?parent=903"}],"curies":[{"name":"wp","href":"https:\/\/api.w.org\/{rel}","templated":true}]}}