{"id":901,"date":"2016-11-25T14:08:58","date_gmt":"2016-11-25T14:08:58","guid":{"rendered":"http:\/\/grausa.com\/new\/?page_id=901"},"modified":"2016-12-01T16:39:22","modified_gmt":"2016-12-01T16:39:22","slug":"responsabilidad","status":"publish","type":"page","link":"https:\/\/grausa.com\/new\/sostenibilidad\/responsabilidad\/?lang=es","title":{"rendered":"Responsabilidad"},"content":{"rendered":"<p>Fabricaci\u00f3n basada en la ecolog\u00eda y la sostenibilidad. Creemos en la sostenibilidad, la responsabilidad, la innovaci\u00f3n y el respeto del medio ambiente.<br \/>\nSomos exigentes en la gesti\u00f3n de residuos y energ\u00eda, creemos en la ecolog\u00eda y apostamos por ella, creemos en las personas, que son las que hacen lideres de nuestro sector. Apostamos por la calidad y la responsabilidad como herramientas para conseguir nuestros objetivo, que es el de nuestro cliente.<\/p>\n<div class=\"su-row\"><\/div><div class=\"su-column su-column-size-1-3\"><div class=\"su-column-inner su-u-clearfix su-u-trim\">\n<img src=\"http:\/\/grausa.com\/new\/wp-content\/uploads\/2016\/12\/res01.jpg\" \/><br \/>\n<\/div><\/div><div class=\"su-column su-column-size-1-3\"><div class=\"su-column-inner su-u-clearfix su-u-trim\">\n<img src=\"http:\/\/grausa.com\/new\/wp-content\/uploads\/2016\/12\/res02.jpg\" \/><br \/>\n<\/div><\/div><div class=\"su-column su-column-size-1-3\"><div class=\"su-column-inner su-u-clearfix su-u-trim\">\n<img src=\"http:\/\/grausa.com\/new\/wp-content\/uploads\/2016\/12\/res03.jpg\" \/><br \/>\n<\/div><\/div>\n","protected":false},"excerpt":{"rendered":"<p>Fabricaci\u00f3n basada en la ecolog\u00eda y la sostenibilidad. Creemos en la sostenibilidad, la responsabilidad, la innovaci\u00f3n y el respeto del medio ambiente. Somos exigentes en la gesti\u00f3n de residuos y energ\u00eda, creemos en la ecolog\u00eda y apostamos por ella, creemos en las personas, que son las que hacen lideres de nuestro sector. Apostamos por la &hellip;<\/p>\n","protected":false},"author":1,"featured_media":0,"parent":938,"menu_order":0,"comment_status":"closed","ping_status":"closed","template":"","meta":{"kk_blocks_editor_width":"","_kiokenblocks_attr":"","_kiokenblocks_dimensions":""},"_links":{"self":[{"href":"https:\/\/grausa.com\/new\/wp-json\/wp\/v2\/pages\/901"}],"collection":[{"href":"https:\/\/grausa.com\/new\/wp-json\/wp\/v2\/pages"}],"about":[{"href":"https:\/\/grausa.com\/new\/wp-json\/wp\/v2\/types\/page"}],"author":[{"embeddable":true,"href":"https:\/\/grausa.com\/new\/wp-json\/wp\/v2\/users\/1"}],"replies":[{"embeddable":true,"href":"https:\/\/grausa.com\/new\/wp-json\/wp\/v2\/comments?post=901"}],"version-history":[{"count":6,"href":"https:\/\/grausa.com\/new\/wp-json\/wp\/v2\/pages\/901\/revisions"}],"predecessor-version":[{"id":1035,"href":"https:\/\/grausa.com\/new\/wp-json\/wp\/v2\/pages\/901\/revisions\/1035"}],"up":[{"embeddable":true,"href":"https:\/\/grausa.com\/new\/wp-json\/wp\/v2\/pages\/938"}],"wp:attachment":[{"href":"https:\/\/grausa.com\/new\/wp-json\/wp\/v2\/media?parent=901"}],"curies":[{"name":"wp","href":"https:\/\/api.w.org\/{rel}","templated":true}]}}