{"id":685,"date":"2015-08-06T07:39:11","date_gmt":"2015-08-06T07:39:11","guid":{"rendered":"http:\/\/capethemes.com\/demo\/industry\/?page_id=678"},"modified":"2018-06-12T08:53:09","modified_gmt":"2018-06-12T08:53:09","slug":"contacto","status":"publish","type":"page","link":"https:\/\/grausa.com\/new\/contacto\/?lang=es","title":{"rendered":"Contacto"},"content":{"rendered":"<div class=\"su-row\"><div class=\"su-column su-column-size-1-2\"><div class=\"su-column-inner su-u-clearfix su-u-trim\">\n<p>Si tienes alguna pregunta que hacernos o est\u00e1s interesado en nuestros servicios puedes llamarnos al 93 714 34 50 o rellenar el siguiente formulario:<\/p>\n<div role=\"form\" class=\"wpcf7\" id=\"wpcf7-f868-o1\" lang=\"es-ES\" dir=\"ltr\">\n<div class=\"screen-reader-response\"><p role=\"status\" aria-live=\"polite\" aria-atomic=\"true\"><\/p> <ul><\/ul><\/div>\n<form action=\"\/new\/wp-json\/wp\/v2\/pages\/685#wpcf7-f868-o1\" method=\"post\" class=\"wpcf7-form init\" novalidate=\"novalidate\" data-status=\"init\">\n<div style=\"display: none;\">\n<input type=\"hidden\" name=\"_wpcf7\" value=\"868\" \/>\n<input type=\"hidden\" name=\"_wpcf7_version\" value=\"5.4\" \/>\n<input type=\"hidden\" name=\"_wpcf7_locale\" value=\"es_ES\" \/>\n<input type=\"hidden\" name=\"_wpcf7_unit_tag\" value=\"wpcf7-f868-o1\" \/>\n<input type=\"hidden\" name=\"_wpcf7_container_post\" value=\"0\" \/>\n<input type=\"hidden\" name=\"_wpcf7_posted_data_hash\" value=\"\" \/>\n<\/div>\n<p><label> Nombre (requerido)<br \/>\n    <span class=\"wpcf7-form-control-wrap your-name\"><input type=\"text\" name=\"your-name\" value=\"\" size=\"30\" maxlength=\"60\" class=\"wpcf7-form-control wpcf7-text wpcf7-validates-as-required\" aria-required=\"true\" aria-invalid=\"false\" \/><\/span> <\/label><\/p>\n<p><label> Empresa (requerido)<br \/>\n    <span class=\"wpcf7-form-control-wrap your-business\"><input type=\"text\" name=\"your-business\" value=\"\" size=\"40\" class=\"wpcf7-form-control wpcf7-text\" aria-invalid=\"false\" \/><\/span><\/label><\/p>\n<p><label> Tu correo electr\u00f3nico (requerido)<br \/>\n    <span class=\"wpcf7-form-control-wrap your-email\"><input type=\"email\" name=\"your-email\" value=\"\" size=\"40\" class=\"wpcf7-form-control wpcf7-text wpcf7-email wpcf7-validates-as-required wpcf7-validates-as-email\" aria-required=\"true\" aria-invalid=\"false\" \/><\/span> <\/label><\/p>\n<p><label> Asunto<br \/>\n    <span class=\"wpcf7-form-control-wrap your-subject\"><input type=\"text\" name=\"your-subject\" value=\"\" size=\"40\" class=\"wpcf7-form-control wpcf7-text\" aria-invalid=\"false\" \/><\/span> <\/label><\/p>\n<p><label> Mensaje<br \/>\n    <span class=\"wpcf7-form-control-wrap your-message\"><textarea name=\"your-message\" cols=\"40\" rows=\"10\" class=\"wpcf7-form-control wpcf7-textarea\" aria-invalid=\"false\">Tu mensaje aqu\u00ed...<\/textarea><\/span> <\/label><\/p>\n<p class=\"info\"><strong>INFORMACI\u00d3N PROTECCI\u00d3N DE DATOS DE\u00a0GRAU S.A.<\/strong><\/p>\n<p class=\"info\"><strong>Finalidades:\u00a0<\/strong>Responder a sus solicitudes y remitirle informaci\u00f3n comercial de nuestros productos y servicios, incluso por correo electr\u00f3nico.\u00a0<strong>Legitimaci\u00f3n:\u00a0<\/strong>Consentimiento del interesado.\u00a0<strong>Destinatarios:\u00a0<\/strong>No est\u00e1n previstas cesiones de datos.\u00a0<strong>Derechos:<\/strong>\u00a0 Puede retirar su consentimiento en cualquier momento, as\u00ed como acceder, rectificar, suprimir sus datos y dem\u00e1s derechos en rrhh@grausa.com.\u00a0<strong>Informaci\u00f3n Adicional:<\/strong>\u00a0Puede ampliar la informaci\u00f3n en el enlace de\u00a0<a href=\"http:\/\/grausa.com\/new\/aviso-legal\/?lang=es\"><u>Avisos Legales<\/u><\/a>.<\/p>\n<p><br><\/p>\n<p><span class=\"wpcf7-form-control-wrap your-consent-1\"><span class=\"wpcf7-form-control wpcf7-acceptance\"><span class=\"wpcf7-list-item\"><label><input type=\"checkbox\" name=\"your-consent-1\" value=\"1\" aria-invalid=\"false\" \/><span class=\"wpcf7-list-item-label\">Acepto recibir informaci\u00f3n comercial. incluso por correo electr\u00f3nico.<\/span><\/label><\/span><\/span><\/span><\/p>\n<p><span class=\"wpcf7-form-control-wrap your-consent-2\"><span class=\"wpcf7-form-control wpcf7-acceptance\"><span class=\"wpcf7-list-item\"><label><input type=\"checkbox\" name=\"your-consent-2\" value=\"1\" aria-invalid=\"false\" \/><span class=\"wpcf7-list-item-label\">He le\u00eddo y acepto la <a href=\"http:\/\/grausa.com\/new\/politica-de-privacidad\/?lang=es\" target=\"blank\">Pol\u00edtica de Privacidad.<\/a><\/span><\/label><\/span><\/span><\/span><\/p>\n<p><br><\/p>\n<p><input type=\"submit\" value=\"Enviar\" class=\"wpcf7-form-control wpcf7-submit\" \/><\/p>\n<div class=\"wpcf7-response-output\" aria-hidden=\"true\"><\/div><\/form><\/div>\n<\/div><\/div> <div class=\"su-column su-column-size-1-2\"><div class=\"su-column-inner su-u-clearfix su-u-trim\">\n<p><strong>Grau S.A.<\/strong><\/p>\n<p>Riu Ripoll s\/n<br \/>\nApartado de Correos 45<br \/>\n08211 Castellar del Vall\u00e9s<br \/>\nBarcelona<\/p>\n<p><strong>C\u00f3mo llegar desde Barcelona:<\/strong> Salir de Barcelona por la Autopista C-58 en direcci\u00f3n Sabadell-Terrassa. Tomar la salida Sabadell Sud. Una vez en la Gran V\u00eda de Sabadell, pasar los t\u00faneles hasta el puente n\u00ba7 en direcci\u00f3n a Castellar del Vall\u00e9s (Ctra. B-124). Cruzar Castellar en direcci\u00f3n a Sant Lloren\u00e7 Savall. Grau, S.A. est\u00e1 a 1,5Km una vez atravesado Castellar, Km 9,3 de la B-124.<\/p>\n<p><strong>Coordenadas:<\/strong> N 41\u00ba 37.463\u2019 E 2\u00ba 04.416\u2019<\/p>\n<p>GRAU, S.A. NIF A08026072<\/p>\n<div class=\"su-gmap su-u-responsive-media-yes\"><iframe width=\"266\" height=\"360\" src=\"\/\/maps.google.com\/maps?q=GRAU%2C%20Carrer%20del%20Riu%20Ripoll%20s%2Fn%2C%2008211%20Castellar%20del%20Vall%C3%A8s%2C%20Barcelona%2C%20Espa%C3%B1a&amp;output=embed\" title=\"\"><\/iframe><\/div><\/div><\/div><\/div>\n","protected":false},"excerpt":{"rendered":"","protected":false},"author":1,"featured_media":0,"parent":0,"menu_order":0,"comment_status":"closed","ping_status":"closed","template":"template-fullwidth.php","meta":{"kk_blocks_editor_width":"","_kiokenblocks_attr":"","_kiokenblocks_dimensions":""},"_links":{"self":[{"href":"https:\/\/grausa.com\/new\/wp-json\/wp\/v2\/pages\/685"}],"collection":[{"href":"https:\/\/grausa.com\/new\/wp-json\/wp\/v2\/pages"}],"about":[{"href":"https:\/\/grausa.com\/new\/wp-json\/wp\/v2\/types\/page"}],"author":[{"embeddable":true,"href":"https:\/\/grausa.com\/new\/wp-json\/wp\/v2\/users\/1"}],"replies":[{"embeddable":true,"href":"https:\/\/grausa.com\/new\/wp-json\/wp\/v2\/comments?post=685"}],"version-history":[{"count":23,"href":"https:\/\/grausa.com\/new\/wp-json\/wp\/v2\/pages\/685\/revisions"}],"predecessor-version":[{"id":2044,"href":"https:\/\/grausa.com\/new\/wp-json\/wp\/v2\/pages\/685\/revisions\/2044"}],"wp:attachment":[{"href":"https:\/\/grausa.com\/new\/wp-json\/wp\/v2\/media?parent=685"}],"curies":[{"name":"wp","href":"https:\/\/api.w.org\/{rel}","templated":true}]}}