{"id":537,"date":"2015-07-17T13:01:38","date_gmt":"2015-07-17T13:01:38","guid":{"rendered":"http:\/\/capethemes.com\/demo\/industry\/?page_id=537"},"modified":"2017-02-10T16:01:24","modified_gmt":"2017-02-10T16:01:24","slug":"id","status":"publish","type":"page","link":"https:\/\/grausa.com\/new\/id\/?lang=es","title":{"rendered":"I+D"},"content":{"rendered":"<p><strong>Proyectos I+D<\/strong><\/p>\n<p>Entidad Protectora de la Asociaci\u00f3n Espa\u00f1ola de Qu\u00edmicos y Coloristas Textiles <a href=\"http:\/\/aeqct.org\/es\/\">AEQCT<\/a><\/p>\n<p>Empresa asociada al Centro Tecnol\u00f3gico <a href=\"http:\/\/www.aitex.es\/es\/\">AITEX<\/a><\/p>\n<p>Normas UNE 166002 junto con el Centro Tecnol\u00f3gico <a href=\"http:\/\/www.leitat.org\/castellano\/\">LEITAT<\/a>.<\/p>\n<p>ECUVal. Proyecto europeo de I + D para decoloraci\u00f3n de aguas con la U.P.C.<\/p>\n<p>Grau, S.A. participa en el proyecto ECUVal, un nuevo tratamiento para decoloraci\u00f3n de aguas despu\u00e9s de los procesos de tintura, para obtener beneficios ambientales y una mayor eficiencia de los recursos.<\/p>\n<p>El proyecto ECUVal es una tecnolog\u00eda ecol\u00f3gica basada en un innovador sistema que combina t\u00e9cnicas electroqu\u00edmicas con irradiaci\u00f3n UV para el tratamiento de las aguas residuales procedentes de la tintura textil y posterior reutilizaci\u00f3n de los efluentes tratados.<\/p>\n<p>&nbsp;<\/p>\n<div class=\"su-row\"><div class=\"su-column su-column-size-1-6\"><div class=\"su-column-inner su-u-clearfix su-u-trim\">\n<a href=\"http:\/\/www.ecuval.eu\/es\/node\/20\" target=\"blank\"><img src=\"http:\/\/grausa.com\/new\/wp-content\/uploads\/2016\/12\/id01.png\" data-gal='prettyPhoto' rel='prettyPhoto' \/><\/a><br \/>\n<\/div><\/div><div class=\"su-column su-column-size-1-6\"><div class=\"su-column-inner su-u-clearfix su-u-trim\">\n<a href=\"http:\/\/www.fitex.es\/\" target=\"blank\"><img src=\"http:\/\/grausa.com\/new\/wp-content\/uploads\/2016\/12\/id02.png\" data-gal='prettyPhoto' rel='prettyPhoto' \/><\/a><br \/>\n<\/div><\/div><div class=\"su-column su-column-size-1-6\"><div class=\"su-column-inner su-u-clearfix su-u-trim\">\n<a href=\"http:\/\/www.icomatex.com\" target=\"blank\"><img src=\"http:\/\/grausa.com\/new\/wp-content\/uploads\/2016\/12\/id03.png\" data-gal='prettyPhoto' rel='prettyPhoto' \/><\/a><br \/>\n<\/div><\/div><div class=\"su-column su-column-size-1-6\"><div class=\"su-column-inner su-u-clearfix su-u-trim\">\n<a href=\"http:\/\/www.upc.edu\/intexter\/ca\" target=\"blank\"><img src=\"http:\/\/grausa.com\/new\/wp-content\/uploads\/2016\/12\/id04.png\" data-gal='prettyPhoto' rel='prettyPhoto' \/><\/a><br \/>\n<\/div><\/div><div class=\"su-column su-column-size-1-6\"><div class=\"su-column-inner su-u-clearfix su-u-trim\">\n<img src=\"http:\/\/grausa.com\/new\/wp-content\/uploads\/2016\/12\/id05.png\" \/><br \/>\n<\/div><\/div><div class=\"su-column su-column-size-1-6\"><div class=\"su-column-inner su-u-clearfix su-u-trim\">\n<img src=\"http:\/\/grausa.com\/new\/wp-content\/uploads\/2016\/12\/id06.png\" \/><br \/>\n<\/div><\/div><\/div>\n<p><span id=\"result_box\" class=\"\" lang=\"es\" tabindex=\"-1\"><span class=\"\">Laboratorio<\/span> <span class=\"\">homologado<\/span> para los estudios de las muestras y su reproductividad <span class=\"\">en la producci\u00f3n,<\/span> <span class=\"\">archivo hist\u00f3rico de<\/span> muestras, cocina de colores totalmente automatizada, <span class=\"\">para conseguir la m\u00e1xima<\/span> continuidad en las partidas de producci\u00f3n.<\/p>\n<p><span class=\"\">Comprometidos con el medio<\/span> ambiente y los est\u00e1ndares de calidad m\u00e1xima.<\/span><\/p>\n<p>&nbsp;<\/p>\n<div class=\"su-row\"><\/div><div class=\"su-column su-column-size-1-3\"><div class=\"su-column-inner su-u-clearfix su-u-trim\">\n<img loading=\"lazy\" class=\"alignnone wp-image-1241 size-medium\" src=\"http:\/\/grausa.com\/new\/wp-content\/uploads\/2016\/12\/WEBIMG_0091-e1482861740519-300x208.jpg\" alt=\"webimg_0091\" width=\"300\" height=\"208\" srcset=\"https:\/\/grausa.com\/new\/wp-content\/uploads\/2016\/12\/WEBIMG_0091-e1482861740519-300x208.jpg 300w, https:\/\/grausa.com\/new\/wp-content\/uploads\/2016\/12\/WEBIMG_0091-e1482861740519.jpg 676w\" sizes=\"(max-width: 300px) 100vw, 300px\" \/><br \/>\n<\/div><\/div><div class=\"su-column su-column-size-1-3\"><div class=\"su-column-inner su-u-clearfix su-u-trim\">\n<img loading=\"lazy\" class=\"\" src=\"http:\/\/grausa.com\/new\/wp-content\/uploads\/2016\/12\/id02.jpg\" width=\"676\" height=\"461\" \/><br \/>\n<\/div><\/div><div class=\"su-column su-column-size-1-3\"><div class=\"su-column-inner su-u-clearfix su-u-trim\">\n<img src=\"http:\/\/grausa.com\/new\/wp-content\/uploads\/2016\/12\/id03.jpg\" \/><br \/>\n<\/div><\/div>\n<p>&nbsp;<\/p>\n","protected":false},"excerpt":{"rendered":"<p>Proyectos I+D Entidad Protectora de la Asociaci\u00f3n Espa\u00f1ola de Qu\u00edmicos y Coloristas Textiles AEQCT Empresa asociada al Centro Tecnol\u00f3gico AITEX Normas UNE 166002 junto con el Centro Tecnol\u00f3gico LEITAT. ECUVal. Proyecto europeo de I + D para decoloraci\u00f3n de aguas con la U.P.C. Grau, S.A. participa en el proyecto ECUVal, un nuevo tratamiento para decoloraci\u00f3n &hellip;<\/p>\n","protected":false},"author":1,"featured_media":0,"parent":0,"menu_order":0,"comment_status":"closed","ping_status":"closed","template":"","meta":{"kk_blocks_editor_width":"","_kiokenblocks_attr":"","_kiokenblocks_dimensions":""},"_links":{"self":[{"href":"https:\/\/grausa.com\/new\/wp-json\/wp\/v2\/pages\/537"}],"collection":[{"href":"https:\/\/grausa.com\/new\/wp-json\/wp\/v2\/pages"}],"about":[{"href":"https:\/\/grausa.com\/new\/wp-json\/wp\/v2\/types\/page"}],"author":[{"embeddable":true,"href":"https:\/\/grausa.com\/new\/wp-json\/wp\/v2\/users\/1"}],"replies":[{"embeddable":true,"href":"https:\/\/grausa.com\/new\/wp-json\/wp\/v2\/comments?post=537"}],"version-history":[{"count":29,"href":"https:\/\/grausa.com\/new\/wp-json\/wp\/v2\/pages\/537\/revisions"}],"predecessor-version":[{"id":1302,"href":"https:\/\/grausa.com\/new\/wp-json\/wp\/v2\/pages\/537\/revisions\/1302"}],"wp:attachment":[{"href":"https:\/\/grausa.com\/new\/wp-json\/wp\/v2\/media?parent=537"}],"curies":[{"name":"wp","href":"https:\/\/api.w.org\/{rel}","templated":true}]}}