{"id":529,"date":"2015-07-17T12:52:17","date_gmt":"2015-07-17T12:52:17","guid":{"rendered":"http:\/\/capethemes.com\/demo\/industry\/?page_id=529"},"modified":"2017-01-24T09:23:05","modified_gmt":"2017-01-24T09:23:05","slug":"acabados","status":"publish","type":"page","link":"https:\/\/grausa.com\/new\/acabados\/?lang=es","title":{"rendered":"Acabados"},"content":{"rendered":"<p>Termofijado, soft, envejecido, tumbleado, Airos, perchados, esmerilados, tundidos, cilindrado-planchado, decatizado continuo y discontinuo, KD, calandrado, cirado, sanforizado, crash transfer, sponging-vaporizado, acabados qu\u00edmicos, hidrofugado, tefl\u00f3n, anti manchas, ign\u00edfugo, sanitized, transpirable, antiest\u00e1tico, siliconas, etc.<\/p>\n<p>Pa\u00f1er\u00eda, laner\u00eda, camiser\u00eda, tejidos t\u00e9cnicos, tecnos, tapicer\u00eda, infantil, algod\u00f3n, lino.<\/p>\n<p>Especialistas en moda y tejidos t\u00e9cnicos.<\/p>\n<p>&nbsp;<\/p>\n<div class=\"su-row\"><div class=\"su-column su-column-size-1-3\"><div class=\"su-column-inner su-u-clearfix su-u-trim\">\n<img src=\"http:\/\/grausa.com\/new\/wp-content\/uploads\/2016\/12\/acabados01.jpg\" \/><br \/>\n<\/div><\/div><div class=\"su-column su-column-size-1-3\"><div class=\"su-column-inner su-u-clearfix su-u-trim\">\n<img src=\"http:\/\/grausa.com\/new\/wp-content\/uploads\/2016\/12\/acabados02.jpg\" \/><br \/>\n<\/div><\/div><div class=\"su-column su-column-size-1-3\"><div class=\"su-column-inner su-u-clearfix su-u-trim\">\n<img src=\"http:\/\/grausa.com\/new\/wp-content\/uploads\/2016\/12\/04.jpg\" \/><br \/>\n<\/div><\/div>\n<div class=\"su-row\"><\/div><div class=\"su-column su-column-size-1-5\"><div class=\"su-column-inner su-u-clearfix su-u-trim\">\n<\/div><\/div><div class=\"su-column su-column-size-1-5\"><div class=\"su-column-inner su-u-clearfix su-u-trim\">\n<\/div><\/div><\/div>\n","protected":false},"excerpt":{"rendered":"<p>Termofijado, soft, envejecido, tumbleado, Airos, perchados, esmerilados, tundidos, cilindrado-planchado, decatizado continuo y discontinuo, KD, calandrado, cirado, sanforizado, crash transfer, sponging-vaporizado, acabados qu\u00edmicos, hidrofugado, tefl\u00f3n, anti manchas, ign\u00edfugo, sanitized, transpirable, antiest\u00e1tico, siliconas, etc. Pa\u00f1er\u00eda, laner\u00eda, camiser\u00eda, tejidos t\u00e9cnicos, tecnos, tapicer\u00eda, infantil, algod\u00f3n, lino. Especialistas en moda y tejidos t\u00e9cnicos. &nbsp;<\/p>\n","protected":false},"author":1,"featured_media":0,"parent":0,"menu_order":0,"comment_status":"closed","ping_status":"closed","template":"","meta":{"kk_blocks_editor_width":"","_kiokenblocks_attr":"","_kiokenblocks_dimensions":""},"_links":{"self":[{"href":"https:\/\/grausa.com\/new\/wp-json\/wp\/v2\/pages\/529"}],"collection":[{"href":"https:\/\/grausa.com\/new\/wp-json\/wp\/v2\/pages"}],"about":[{"href":"https:\/\/grausa.com\/new\/wp-json\/wp\/v2\/types\/page"}],"author":[{"embeddable":true,"href":"https:\/\/grausa.com\/new\/wp-json\/wp\/v2\/users\/1"}],"replies":[{"embeddable":true,"href":"https:\/\/grausa.com\/new\/wp-json\/wp\/v2\/comments?post=529"}],"version-history":[{"count":20,"href":"https:\/\/grausa.com\/new\/wp-json\/wp\/v2\/pages\/529\/revisions"}],"predecessor-version":[{"id":1650,"href":"https:\/\/grausa.com\/new\/wp-json\/wp\/v2\/pages\/529\/revisions\/1650"}],"wp:attachment":[{"href":"https:\/\/grausa.com\/new\/wp-json\/wp\/v2\/media?parent=529"}],"curies":[{"name":"wp","href":"https:\/\/api.w.org\/{rel}","templated":true}]}}