{"id":2422,"date":"2019-07-03T18:42:04","date_gmt":"2019-07-03T18:42:04","guid":{"rendered":"http:\/\/grausa.com\/new\/?page_id=2422"},"modified":"2019-07-03T18:42:04","modified_gmt":"2019-07-03T18:42:04","slug":"politique-de-securite-et-de-lenvironnement","status":"publish","type":"page","link":"https:\/\/grausa.com\/new\/politique-de-securite-et-de-lenvironnement\/?lang=fr","title":{"rendered":"Politique de s\u00e9curit\u00e9 et de l&#8217;environnement"},"content":{"rendered":"<h2 style=\"text-align: center;\">POLITIQUE DE SECURITE ET D&#8217;ENVIRONNEMENT DE GRAU, S.A.<\/h2>\n<p>&nbsp;<\/p>\n<p><strong>GRAU, S.A. s&#8217;engage \u00e0 g\u00e9rer la s\u00e9curit\u00e9 et l&#8217;environnement en tant qu&#8217;aspect int\u00e9gr\u00e9 \u00e0 la gestion de l&#8217;entreprise elle-m\u00eame, dans le but de renforcer notre comp\u00e9titivit\u00e9, au profit de nos travailleurs, clients et fournisseurs, et d&#8217;aider \u00e0 pr\u00e9server et am\u00e9liorer l&#8217;environnement que nous servons .<\/strong><\/p>\n<p><strong>Le d\u00e9veloppement de nos activit\u00e9s industrielles textiles doit \u00eatre conforme \u00e0 la protection des personnes et \u00e0 la pr\u00e9servation de l&#8217;environnement.<\/strong><\/p>\n<div class=\"su-divider su-divider-style-default\" style=\"margin:15px 0;border-width:3px;border-color:#999999\"><\/div>\n<p>&nbsp;<\/p>\n<p><strong>Conform\u00e9ment \u00e0 la politique commerciale de GRAU, S.A., la direction a adopt\u00e9, avec le personnel de l&#8217;organisation, les engagements suivants comme principes d&#8217;action fondamentaux:<\/strong><\/p>\n<h1 style=\"text-align: left;\"><span style=\"color: #99cc00;\">CONFORMIT\u00c9<\/span><\/h1>\n<ul>\n<li>Parmi les lois et r\u00e8glements l\u00e9gislatifs d&#8217;application en mati\u00e8re de protection de l&#8217;environnement et de s\u00e9curit\u00e9, comprendre les exigences l\u00e9gales telles que l&#8217;ensemble des exigences minimales \u00e0 remplir.<\/li>\n<\/ul>\n<h1 style=\"text-align: left;\"><span style=\"color: #99cc00;\">PR\u00c9VENTION<\/span><\/h1>\n<ul>\n<li>Chercher \u00e0 utiliser efficacement les ressources naturelles, notamment pour la consommation d\u2019eau, d\u2019\u00e9nergie et de mati\u00e8res premi\u00e8res, et minimiser les impacts sur l\u2019environnement g\u00e9n\u00e9r\u00e9s principalement par la gestion des eaux us\u00e9es, des d\u00e9chets, des \u00e9missions atmosph\u00e9riques et du bruit, tels que t\u00e2che principale de notre politique de protection de l&#8217;environnement.<\/li>\n<li>En particulier, elle visait \u00e0 \u00e9viter les accidents du travail et la survenue de situations d\u2019urgence dans l\u2019environnement.<\/li>\n<li>\u00c9tablir des plans de formation pour nos employ\u00e9s sur les questions environnementales et de s\u00e9curit\u00e9 li\u00e9es \u00e0 leurs activit\u00e9s et fonctions, dans le but de refl\u00e9ter cette prise de conscience sur le lieu de travail.<\/li>\n<li>\u00c9valuer l&#8217;impact sur l&#8217;environnement et garantir la s\u00e9curit\u00e9 des nouveaux d\u00e9veloppements et des nouvelles acquisitions et services gr\u00e2ce \u00e0 une planification strat\u00e9gique \u00e0 un niveau techniquement et \u00e9conomiquement viable.<\/li>\n<li>Int\u00e9grer progressivement les parties int\u00e9ress\u00e9es \u00e0 nos efforts pour am\u00e9liorer la protection et la s\u00e9curit\u00e9 de l&#8217;environnement, \u00e0 la fois dans les demandes de nos fournisseurs et dans l&#8217;information de nos clients.<\/li>\n<\/ul>\n<h1 style=\"text-align: left;\">\n<span style=\"color: #99cc00;\">AM\u00c9LIORATION CONTINUE<\/span><\/h1>\n<ul>\n<li>Examiner p\u00e9riodiquement l&#8217;\u00e9tat de l&#8217;environnement et de la s\u00e9curit\u00e9 dans le d\u00e9veloppement de l&#8217;activit\u00e9 dans le but de planifier les objectifs d&#8217;am\u00e9lioration continue, en documentant les progr\u00e8s r\u00e9alis\u00e9s avec un programme annuel pour la r\u00e9alisation des objectifs.<\/li>\n<\/ul>\n<h5 style=\"text-align: center;\">\nCastellar del Vall\u00e9s, le 7 mai 2017<\/h5>\n<p>&nbsp;<\/p>\n<p style=\"text-align: center;\"><span style=\"color: #808080;\"><strong>La direction de GRAU, S.A. il est responsable de la communication et de la diffusion publique de ce document.<\/strong><\/span><\/p>\n","protected":false},"excerpt":{"rendered":"<p>POLITIQUE DE SECURITE ET D&#8217;ENVIRONNEMENT DE GRAU, S.A. &nbsp; GRAU, S.A. s&#8217;engage \u00e0 g\u00e9rer la s\u00e9curit\u00e9 et l&#8217;environnement en tant qu&#8217;aspect int\u00e9gr\u00e9 \u00e0 la gestion de l&#8217;entreprise elle-m\u00eame, dans le but de renforcer notre comp\u00e9titivit\u00e9, au profit de nos travailleurs, clients et fournisseurs, et d&#8217;aider \u00e0 pr\u00e9server et am\u00e9liorer l&#8217;environnement que nous servons . Le &hellip;<\/p>\n","protected":false},"author":3,"featured_media":0,"parent":0,"menu_order":0,"comment_status":"closed","ping_status":"closed","template":"template-fullwidth.php","meta":{"kk_blocks_editor_width":"","_kiokenblocks_attr":"","_kiokenblocks_dimensions":""},"_links":{"self":[{"href":"https:\/\/grausa.com\/new\/wp-json\/wp\/v2\/pages\/2422"}],"collection":[{"href":"https:\/\/grausa.com\/new\/wp-json\/wp\/v2\/pages"}],"about":[{"href":"https:\/\/grausa.com\/new\/wp-json\/wp\/v2\/types\/page"}],"author":[{"embeddable":true,"href":"https:\/\/grausa.com\/new\/wp-json\/wp\/v2\/users\/3"}],"replies":[{"embeddable":true,"href":"https:\/\/grausa.com\/new\/wp-json\/wp\/v2\/comments?post=2422"}],"version-history":[{"count":2,"href":"https:\/\/grausa.com\/new\/wp-json\/wp\/v2\/pages\/2422\/revisions"}],"predecessor-version":[{"id":2424,"href":"https:\/\/grausa.com\/new\/wp-json\/wp\/v2\/pages\/2422\/revisions\/2424"}],"wp:attachment":[{"href":"https:\/\/grausa.com\/new\/wp-json\/wp\/v2\/media?parent=2422"}],"curies":[{"name":"wp","href":"https:\/\/api.w.org\/{rel}","templated":true}]}}