{"id":2415,"date":"2019-07-03T18:26:26","date_gmt":"2019-07-03T18:26:26","guid":{"rendered":"http:\/\/grausa.com\/new\/?page_id=2415"},"modified":"2019-07-03T18:46:31","modified_gmt":"2019-07-03T18:46:31","slug":"politica-de-seguridad-y-medio-ambiente","status":"publish","type":"page","link":"https:\/\/grausa.com\/new\/politica-de-seguridad-y-medio-ambiente\/?lang=es","title":{"rendered":"Pol\u00edtica de seguridad y medio ambiente"},"content":{"rendered":"<h2 style=\"text-align: center;\">POL\u00cdTICA DE SEGURIDAD Y MEDIO AMBIENTE DE GRAU, S.A.<\/h2>\n<p>&nbsp;<\/p>\n<p><strong>GRAU, S.A. est\u00e1 comprometida en gestionar la Seguridad y el Medio Ambiente como un aspecto integrado en la propia gesti\u00f3n del negocio, con el objetivo de reforzar nuestra competitividad, beneficiar nuestros trabajadores, clientes y proveedores y contribuir a preservar y mejorar el entorno que servimos .<\/strong><\/p>\n<p><strong>El desarrollo de nuestras actividades industriales textiles deben estar en concordancia con la protecci\u00f3n de las personas y la preservaci\u00f3n del medio ambiente.<\/strong><\/p>\n<div class=\"su-divider su-divider-style-default\" style=\"margin:15px 0;border-width:3px;border-color:#999999\"><\/div>\n<p><strong>La Direcci\u00f3n, de acuerdo con la Pol\u00edtica de Empresa GRAU, S.A., ha adoptado, junto con el personal de la organizaci\u00f3n, los siguientes compromisos como principios b\u00e1sicos de actuaci\u00f3n:<\/strong><\/p>\n<h1 style=\"text-align: left;\"><span style=\"color: #99cc00;\">CUMPLIMENTO<\/span><\/h1>\n<ul>\n<li>De las leyes y regulaciones legislativas de aplicaci\u00f3n en materia de protecci\u00f3n medioambiental y seguridad, entendiendo los requisitos legales como el conjunto de m\u00ednimos a cumplir.<\/li>\n<\/ul>\n<h1 style=\"text-align: left;\"><span style=\"color: #99cc00;\">PREVENCI\u00d3N<\/span><\/h1>\n<ul>\n<li>Procurando el uso eficiente de los recursos naturales especialmente en el consumo de agua, de energ\u00eda y de materias primas, y minimizando los impactos medioambientales generados principalmente en la gesti\u00f3n de las aguas residuales, residuos, emisiones atmosf\u00e9ricas e inmisi\u00f3n de ruido, como tarea principal de nuestra pol\u00edtica de protecci\u00f3n medioambiental.<\/li>\n<li>En especial, dirigida a evitar los accidentes laborales y la ocurrencia de situaciones de emergencia medioambientales.<\/li>\n<li>Estableciendo planes de formaci\u00f3n a nuestros empleados sobre los aspectos medioambientales y de seguridad ligados a sus actividades y funciones, con objeto de que su comportamiento en el puesto de trabajo refleje esta sensibilizaci\u00f3n.<\/li>\n<li>Evaluando el efecto medioambiental y garantizando la seguridad de los nuevos desarrollos y de las nuevas adquisiciones y servicios mediante la planificaci\u00f3n estrat\u00e9gica a niveles que sean t\u00e9cnica y econ\u00f3micamente viables.<\/li>\n<li>Incorporando progresivamente las partes interesadas a nuestros esfuerzos para mejorar la protecci\u00f3n medioambiental y la seguridad, tanto en las exigencias a nuestros proveedores como en la informaci\u00f3n a nuestros clientes.<\/li>\n<\/ul>\n<h1 style=\"text-align: left;\"><span style=\"color: #99cc00;\">MEJORA CONTINUA<\/span><\/h1>\n<ul>\n<li>Revisando peri\u00f3dicamente el estado ambiental y de seguridad en el desarrollo de la actividad con el objeto de planificar objetivos de mejora continua, documentando los avances realizados con un programa anual para la consecuci\u00f3n de objetivos.<\/li>\n<\/ul>\n<p>&nbsp;<\/p>\n<h5 style=\"text-align: center;\">Castellar del Vall\u00e9s, 7 de mayo de 2017<\/h5>\n<p>&nbsp;<\/p>\n<p style=\"text-align: center;\"><span style=\"color: #999999;\"><strong>La Direcci\u00f3n de Grau, S.A. se responsabiliza de garantizar la comunicaci\u00f3n y disposici\u00f3n p\u00fablica de este documento<\/strong><\/span><\/p>\n","protected":false},"excerpt":{"rendered":"<p>POL\u00cdTICA DE SEGURIDAD Y MEDIO AMBIENTE DE GRAU, S.A. &nbsp; GRAU, S.A. est\u00e1 comprometida en gestionar la Seguridad y el Medio Ambiente como un aspecto integrado en la propia gesti\u00f3n del negocio, con el objetivo de reforzar nuestra competitividad, beneficiar nuestros trabajadores, clientes y proveedores y contribuir a preservar y mejorar el entorno que servimos &hellip;<\/p>\n","protected":false},"author":3,"featured_media":0,"parent":0,"menu_order":0,"comment_status":"closed","ping_status":"closed","template":"template-fullwidth.php","meta":{"kk_blocks_editor_width":"","_kiokenblocks_attr":"","_kiokenblocks_dimensions":""},"_links":{"self":[{"href":"https:\/\/grausa.com\/new\/wp-json\/wp\/v2\/pages\/2415"}],"collection":[{"href":"https:\/\/grausa.com\/new\/wp-json\/wp\/v2\/pages"}],"about":[{"href":"https:\/\/grausa.com\/new\/wp-json\/wp\/v2\/types\/page"}],"author":[{"embeddable":true,"href":"https:\/\/grausa.com\/new\/wp-json\/wp\/v2\/users\/3"}],"replies":[{"embeddable":true,"href":"https:\/\/grausa.com\/new\/wp-json\/wp\/v2\/comments?post=2415"}],"version-history":[{"count":3,"href":"https:\/\/grausa.com\/new\/wp-json\/wp\/v2\/pages\/2415\/revisions"}],"predecessor-version":[{"id":2428,"href":"https:\/\/grausa.com\/new\/wp-json\/wp\/v2\/pages\/2415\/revisions\/2428"}],"wp:attachment":[{"href":"https:\/\/grausa.com\/new\/wp-json\/wp\/v2\/media?parent=2415"}],"curies":[{"name":"wp","href":"https:\/\/api.w.org\/{rel}","templated":true}]}}