{"id":2163,"date":"2019-05-20T15:12:13","date_gmt":"2019-05-20T15:12:13","guid":{"rendered":"http:\/\/grausa.com\/new\/?page_id=2163"},"modified":"2019-05-20T15:12:13","modified_gmt":"2019-05-20T15:12:13","slug":"rd","status":"publish","type":"page","link":"https:\/\/grausa.com\/new\/rd\/?lang=en","title":{"rendered":"R&#038;D"},"content":{"rendered":"<p><strong>R&amp;D Projects<\/strong><\/p>\n<p>Protector entity of the Asociaci\u00f3n Espa\u00f1ola de Qu\u00edmicos y Coloristas Textiles (AEQCT), so (spanish association of textile chemists and colorists).<\/p>\n<p>Company associated to Centro Tecnol\u00f3gico AITEX (AITEX Technological Center)<\/p>\n<p>UNE 166002 standards along with the Leitat Technology Centre.<\/p>\n<p>ECUVal. European R &amp; D project for water discolouration with U.P.C. (so, the Polytechnic University of Catalonia).<\/p>\n<p>Grau, S.A. participates in the ECUVal project, a new treatment for water discolouration after the dyeing processes, in order to obtain environmental benefits and a greater efficiency of the resources.<\/p>\n<p>The ECUVal project is an ecological technology based on an innovative system that combines electrochemical techniques with UV irradiation for the treatment of waste water from textile dyeing and subsequent reuse of treated effluents.<\/p>\n<p>&nbsp;<\/p>\n<div class=\"su-row\"><div class=\"su-column su-column-size-1-6\"><div class=\"su-column-inner su-u-clearfix su-u-trim\">\n<a href=\"http:\/\/www.ecuval.eu\/es\/node\/20\" target=\"blank\"><img src=\"http:\/\/grausa.com\/new\/wp-content\/uploads\/2016\/12\/id01.png\" data-gal='prettyPhoto' rel='prettyPhoto' \/><\/a><br \/>\n<\/div><\/div><div class=\"su-column su-column-size-1-6\"><div class=\"su-column-inner su-u-clearfix su-u-trim\">\n<a href=\"http:\/\/www.fitex.es\/\" target=\"blank\"><img src=\"http:\/\/grausa.com\/new\/wp-content\/uploads\/2016\/12\/id02.png\" data-gal='prettyPhoto' rel='prettyPhoto' \/><\/a><br \/>\n<\/div><\/div><div class=\"su-column su-column-size-1-6\"><div class=\"su-column-inner su-u-clearfix su-u-trim\">\n<a href=\"http:\/\/www.icomatex.com\" target=\"blank\"><img src=\"http:\/\/grausa.com\/new\/wp-content\/uploads\/2016\/12\/id03.png\" data-gal='prettyPhoto' rel='prettyPhoto' \/><\/a><br \/>\n<\/div><\/div><div class=\"su-column su-column-size-1-6\"><div class=\"su-column-inner su-u-clearfix su-u-trim\">\n<a href=\"http:\/\/www.upc.edu\/intexter\/ca\" target=\"blank\"><img src=\"http:\/\/grausa.com\/new\/wp-content\/uploads\/2016\/12\/id04.png\" data-gal='prettyPhoto' rel='prettyPhoto' \/><\/a><br \/>\n<\/div><\/div><div class=\"su-column su-column-size-1-6\"><div class=\"su-column-inner su-u-clearfix su-u-trim\">\n<img src=\"http:\/\/grausa.com\/new\/wp-content\/uploads\/2016\/12\/id05.png\" \/><br \/>\n<\/div><\/div><div class=\"su-column su-column-size-1-6\"><div class=\"su-column-inner su-u-clearfix su-u-trim\">\n<img src=\"http:\/\/grausa.com\/new\/wp-content\/uploads\/2016\/12\/id06.png\" \/><br \/>\n<\/div><\/div><\/div>\n<p>Laboratori homologat per als estudis de les mostres i la seva reproductivitat en la producci\u00f3, arxiu hist\u00f2ric de mostres, cuina de colors totalment automatitzada, per aconseguir la m\u00e0xima continu\u00eftat en les partides de producci\u00f3.<\/p>\n<p>Compromesos amb el medi ambient i els est\u00e0ndards de qualitat m\u00e0xima.<\/p>\n<p>&nbsp;<\/p>\n<div class=\"su-row\"><\/div><div class=\"su-column su-column-size-1-3\"><div class=\"su-column-inner su-u-clearfix su-u-trim\">\n<p><img loading=\"lazy\" class=\"size-full wp-image-1965\" src=\"http:\/\/grausa.com\/new\/wp-content\/uploads\/2018\/03\/101_0068.jpg\" alt=\"KODAK Digital Still Camera\" width=\"4608\" height=\"3456\" srcset=\"https:\/\/grausa.com\/new\/wp-content\/uploads\/2018\/03\/101_0068.jpg 4608w, https:\/\/grausa.com\/new\/wp-content\/uploads\/2018\/03\/101_0068-300x225.jpg 300w, https:\/\/grausa.com\/new\/wp-content\/uploads\/2018\/03\/101_0068-768x576.jpg 768w, https:\/\/grausa.com\/new\/wp-content\/uploads\/2018\/03\/101_0068-1024x768.jpg 1024w\" sizes=\"(max-width: 4608px) 100vw, 4608px\" \/><\/p>\n<\/div><\/div><div class=\"su-column su-column-size-1-3\"><div class=\"su-column-inner su-u-clearfix su-u-trim\">\n<img loading=\"lazy\" src=\"http:\/\/grausa.com\/new\/wp-content\/uploads\/2016\/12\/id02.jpg\" width=\"676\" height=\"461\" \/><br \/>\n<\/div><\/div><div class=\"su-column su-column-size-1-3\"><div class=\"su-column-inner su-u-clearfix su-u-trim\">\n<img src=\"http:\/\/grausa.com\/new\/wp-content\/uploads\/2016\/12\/id03.jpg\" \/><br \/>\n<\/div><\/div>\n<p>&nbsp;<\/p>\n","protected":false},"excerpt":{"rendered":"<p>R&amp;D Projects Protector entity of the Asociaci\u00f3n Espa\u00f1ola de Qu\u00edmicos y Coloristas Textiles (AEQCT), so (spanish association of textile chemists and colorists). Company associated to Centro Tecnol\u00f3gico AITEX (AITEX Technological Center) UNE 166002 standards along with the Leitat Technology Centre. ECUVal. European R &amp; D project for water discolouration with U.P.C. (so, the Polytechnic University &hellip;<\/p>\n","protected":false},"author":3,"featured_media":0,"parent":0,"menu_order":0,"comment_status":"closed","ping_status":"closed","template":"","meta":{"kk_blocks_editor_width":"","_kiokenblocks_attr":"","_kiokenblocks_dimensions":""},"_links":{"self":[{"href":"https:\/\/grausa.com\/new\/wp-json\/wp\/v2\/pages\/2163"}],"collection":[{"href":"https:\/\/grausa.com\/new\/wp-json\/wp\/v2\/pages"}],"about":[{"href":"https:\/\/grausa.com\/new\/wp-json\/wp\/v2\/types\/page"}],"author":[{"embeddable":true,"href":"https:\/\/grausa.com\/new\/wp-json\/wp\/v2\/users\/3"}],"replies":[{"embeddable":true,"href":"https:\/\/grausa.com\/new\/wp-json\/wp\/v2\/comments?post=2163"}],"version-history":[{"count":2,"href":"https:\/\/grausa.com\/new\/wp-json\/wp\/v2\/pages\/2163\/revisions"}],"predecessor-version":[{"id":2165,"href":"https:\/\/grausa.com\/new\/wp-json\/wp\/v2\/pages\/2163\/revisions\/2165"}],"wp:attachment":[{"href":"https:\/\/grausa.com\/new\/wp-json\/wp\/v2\/media?parent=2163"}],"curies":[{"name":"wp","href":"https:\/\/api.w.org\/{rel}","templated":true}]}}