{"id":2113,"date":"2019-05-15T11:46:38","date_gmt":"2019-05-15T11:46:38","guid":{"rendered":"http:\/\/grausa.com\/new\/politica-de-cookies-2\/"},"modified":"2019-05-15T12:26:33","modified_gmt":"2019-05-15T12:26:33","slug":"politica-de-cookies-2","status":"publish","type":"page","link":"https:\/\/grausa.com\/new\/politica-de-cookies-2\/?lang=fr","title":{"rendered":"Pol\u00edtica de Cookies"},"content":{"rendered":"<div class=\"cli_pg_page_contaner\">\n<h3>Sobre esta pol\u00edtica de cookies<\/h3>\n<p>Esta Pol\u00edtica de cookies explica qu\u00e9 son las cookies y c\u00f3mo las usamos. Debes leer esta pol\u00edtica para comprender qu\u00e9 son las cookies, c\u00f3mo las utilizamos, los tipos de cookies que utilizamos, es decir, la informaci\u00f3n que recopilamos mediante cookies y c\u00f3mo se utiliza esa informaci\u00f3n y c\u00f3mo controlar las preferencias de cookies. Para obtener m\u00e1s informaci\u00f3n sobre c\u00f3mo usamos, almacenamos y mantenemos tus datos personales seguros, consulta nuestra Pol\u00edtica de privacidad. En cualquier momento puedes cambiar o retirar tu consentimiento de la Declaraci\u00f3n de cookies en nuestro sitio web. Obt\u00e9n m\u00e1s informaci\u00f3n sobre qui\u00e9nes somos, c\u00f3mo puedes comunicarte con nosotros y c\u00f3mo procesamos los datos personales en nuestra Pol\u00edtica de privacidad. Tu consentimiento se aplica a los siguientes dominios: <a href=\"http:\/\/grausa.com\/new\">grausa.com<\/a><\/p>\n<div class=\"cli_user_consent_state\">L'estat actual: No s'ha donat consentiment. <a class=\"cli_manage_current_consent\" style=\"cursor:pointer;\">Gestiona el consentiment.<\/a> <\/div>\n<h3>\u00bfQu\u00e9 son las cookies?<\/h3>\n<p>Las cookies son peque\u00f1os archivos de texto que se utilizan para almacenar peque\u00f1os fragmentos de informaci\u00f3n. Las cookies se almacenan en su dispositivo cuando el sitio web se carga en su navegador. Estas cookies nos ayudan a hacer que el sitio web funcione correctamente, a que sea m\u00e1s seguro, a brindar una mejor experiencia al usuario, a comprender c\u00f3mo funciona el sitio web ya analizar qu\u00e9 funciona y d\u00f3nde debe mejorarse.<\/p>\n<h3>\u00bfC\u00f3mo usamos las cookies?<\/h3>\n<p>Como la mayor\u00eda de los servicios en l\u00ednea, nuestro sitio web utiliza cookies propias y de terceros para varios fines. Las cookies de origen son, en su mayor\u00eda, necesarias para que el sitio web funcione correctamente, y no recopilan ninguno de sus datos de identificaci\u00f3n personal.<\/p>\n<p>Las cookies de terceros que se utilizan en nuestros sitios web se utilizan principalmente para comprender c\u00f3mo funciona el sitio web, c\u00f3mo interact\u00faa con nuestro sitio web, mantener nuestros servicios seguros, proporcionar anuncios que sean relevantes para usted y, en general, proporcionarle una mejor y mejorada informaci\u00f3n. experiencia de usuario y ayuda a acelerar sus futuras interacciones con nuestro sitio web.<\/p>\n<h3>\u00bfQu\u00e9 tipo de cookies utilizamos?<\/h3>\n<p><strong>Esencial<\/strong>: algunas cookies son esenciales para que pueda experimentar la funcionalidad completa de nuestro sitio. Nos permiten mantener sesiones de usuario y prevenir cualquier amenaza de seguridad. No recogen ni almacenan ninguna informaci\u00f3n personal. Por ejemplo, estas cookies le permiten iniciar sesi\u00f3n en su cuenta y agregar productos a su cesta y realizar el pago de forma segura.<\/p>\n<p><strong>Estad\u00edsticas<\/strong>: estas cookies almacenan informaci\u00f3n como el n\u00famero de visitantes al sitio web, el n\u00famero de visitantes \u00fanicos, las p\u00e1ginas del sitio web visitadas, la fuente de la visita, etc. Estos datos nos ayudan a comprender y analizar el rendimiento del sitio web. Donde necesita mejorar.<\/p>\n<p><strong>Marketing<\/strong>: nuestro sitio web muestra anuncios. Estas cookies se utilizan para personalizar los anuncios que le mostramos para que sean significativos para usted. Estas cookies tambi\u00e9n nos ayudan a mantener un registro de la eficiencia de estas campa\u00f1as publicitarias.<\/p>\n<p>La informaci\u00f3n almacenada en estas cookies tambi\u00e9n puede ser utilizada por proveedores de publicidad de terceros para mostrarle anuncios en otros sitios web en el navegador tambi\u00e9n.<\/p>\n<p><strong>Funcional<\/strong>: estas son las cookies que ayudan a ciertas funcionalidades no esenciales en nuestro sitio web. Estas funcionalidades incluyen la incorporaci\u00f3n de contenido como videos o compartir contenidos en el sitio web en las plataformas de redes sociales.<\/p>\n<p><strong>Preferencias<\/strong>: estas cookies nos ayudan a almacenar su configuraci\u00f3n y preferencias de navegaci\u00f3n, como las preferencias de idioma, para que tenga una experiencia mejor y m\u00e1s eficiente en futuras visitas al sitio web.<\/p>\n<h3>\u00bfC\u00f3mo puedo controlar mis preferencias respecto a las cookies?<\/h3>\n<p>Si decide cambiar sus preferencias m\u00e1s adelante a trav\u00e9s de su sesi\u00f3n de navegaci\u00f3n, puede hacer clic en la pesta\u00f1a &#8220;Pol\u00edtica de privacidad y cookies&#8221; en su pantalla. Esto mostrar\u00e1 nuevamente el aviso de consentimiento, lo que le permite cambiar sus preferencias o retirar su consentimiento por completo. Adem\u00e1s de esto, los diferentes navegadores proporcionan diferentes m\u00e9todos para bloquear y eliminar las cookies utilizadas por los sitios web. Puede cambiar la configuraci\u00f3n de su navegador para bloquear \/ eliminar las cookies. Para obtener m\u00e1s informaci\u00f3n sobre c\u00f3mo administrar y eliminar las cookies, visite wikipedia.org, www.allaboutcookies.org.<\/p>\n<\/div>\n","protected":false},"excerpt":{"rendered":"<p>Sobre esta pol\u00edtica de cookies Esta Pol\u00edtica de cookies explica qu\u00e9 son las cookies y c\u00f3mo las usamos. Debes leer esta pol\u00edtica para comprender qu\u00e9 son las cookies, c\u00f3mo las utilizamos, los tipos de cookies que utilizamos, es decir, la informaci\u00f3n que recopilamos mediante cookies y c\u00f3mo se utiliza esa informaci\u00f3n y c\u00f3mo controlar las &hellip;<\/p>\n","protected":false},"author":3,"featured_media":0,"parent":0,"menu_order":0,"comment_status":"closed","ping_status":"closed","template":"template-fullwidth.php","meta":{"kk_blocks_editor_width":"","_kiokenblocks_attr":"","_kiokenblocks_dimensions":""},"_links":{"self":[{"href":"https:\/\/grausa.com\/new\/wp-json\/wp\/v2\/pages\/2113"}],"collection":[{"href":"https:\/\/grausa.com\/new\/wp-json\/wp\/v2\/pages"}],"about":[{"href":"https:\/\/grausa.com\/new\/wp-json\/wp\/v2\/types\/page"}],"author":[{"embeddable":true,"href":"https:\/\/grausa.com\/new\/wp-json\/wp\/v2\/users\/3"}],"replies":[{"embeddable":true,"href":"https:\/\/grausa.com\/new\/wp-json\/wp\/v2\/comments?post=2113"}],"version-history":[{"count":1,"href":"https:\/\/grausa.com\/new\/wp-json\/wp\/v2\/pages\/2113\/revisions"}],"predecessor-version":[{"id":2114,"href":"https:\/\/grausa.com\/new\/wp-json\/wp\/v2\/pages\/2113\/revisions\/2114"}],"wp:attachment":[{"href":"https:\/\/grausa.com\/new\/wp-json\/wp\/v2\/media?parent=2113"}],"curies":[{"name":"wp","href":"https:\/\/api.w.org\/{rel}","templated":true}]}}