{"id":1776,"date":"2017-02-17T16:25:24","date_gmt":"2017-02-17T16:25:24","guid":{"rendered":"http:\/\/grausa.com\/new\/?page_id=1776"},"modified":"2017-02-19T07:30:59","modified_gmt":"2017-02-19T07:30:59","slug":"vision-mision-valores","status":"publish","type":"page","link":"https:\/\/grausa.com\/new\/vision-mision-valores\/?lang=fr","title":{"rendered":"Vision, Mission, Valeurs"},"content":{"rendered":"<h2><img loading=\"lazy\" class=\"alignnone size-medium wp-image-1251 alignright\" src=\"http:\/\/grausa.com\/new\/wp-content\/uploads\/2016\/12\/WEBIMG_3921-300x225.jpg\" alt=\"webimg_3921\" width=\"300\" height=\"225\" srcset=\"https:\/\/grausa.com\/new\/wp-content\/uploads\/2016\/12\/WEBIMG_3921-300x225.jpg 300w, https:\/\/grausa.com\/new\/wp-content\/uploads\/2016\/12\/WEBIMG_3921.jpg 400w\" sizes=\"(max-width: 300px) 100vw, 300px\" \/>Vision<\/h2>\n<p>\u00catre l\u2019entreprise leader en qualit\u00e9 et service dans le secteur de la teinture et l\u2019ennoblissement textile.<\/p>\n<h2>Mission<\/h2>\n<p>Nous offrons a nos Clients des solutions en teinture et finissage sur tissus de toute composition. Avec la qualit\u00e9 requise, le service n\u00e9cessaire, et \u00e0 un co\u00fbt comp\u00e9titif.<\/p>\n<h2>Valeurs<\/h2>\n<p>Confiance<br \/>\nService au Client<br \/>\nProfessionnalisme<br \/>\nEngagement<br \/>\nRespect aux personnes et \u00e0 l\u2019environnement<\/p>\n","protected":false},"excerpt":{"rendered":"<p>Vision \u00catre l\u2019entreprise leader en qualit\u00e9 et service dans le secteur de la teinture et l\u2019ennoblissement textile. Mission Nous offrons a nos Clients des solutions en teinture et finissage sur tissus de toute composition. Avec la qualit\u00e9 requise, le service n\u00e9cessaire, et \u00e0 un co\u00fbt comp\u00e9titif. Valeurs Confiance Service au Client Professionnalisme Engagement Respect aux &hellip;<\/p>\n","protected":false},"author":1,"featured_media":0,"parent":0,"menu_order":0,"comment_status":"closed","ping_status":"closed","template":"template-fullwidth.php","meta":{"kk_blocks_editor_width":"","_kiokenblocks_attr":"","_kiokenblocks_dimensions":""},"_links":{"self":[{"href":"https:\/\/grausa.com\/new\/wp-json\/wp\/v2\/pages\/1776"}],"collection":[{"href":"https:\/\/grausa.com\/new\/wp-json\/wp\/v2\/pages"}],"about":[{"href":"https:\/\/grausa.com\/new\/wp-json\/wp\/v2\/types\/page"}],"author":[{"embeddable":true,"href":"https:\/\/grausa.com\/new\/wp-json\/wp\/v2\/users\/1"}],"replies":[{"embeddable":true,"href":"https:\/\/grausa.com\/new\/wp-json\/wp\/v2\/comments?post=1776"}],"version-history":[{"count":4,"href":"https:\/\/grausa.com\/new\/wp-json\/wp\/v2\/pages\/1776\/revisions"}],"predecessor-version":[{"id":1822,"href":"https:\/\/grausa.com\/new\/wp-json\/wp\/v2\/pages\/1776\/revisions\/1822"}],"wp:attachment":[{"href":"https:\/\/grausa.com\/new\/wp-json\/wp\/v2\/media?parent=1776"}],"curies":[{"name":"wp","href":"https:\/\/api.w.org\/{rel}","templated":true}]}}