{"id":1728,"date":"2017-02-17T10:00:10","date_gmt":"2017-02-17T10:00:10","guid":{"rendered":"http:\/\/grausa.com\/new\/?page_id=1728"},"modified":"2017-02-17T10:00:10","modified_gmt":"2017-02-17T10:00:10","slug":"teintures","status":"publish","type":"page","link":"https:\/\/grausa.com\/new\/teintures\/?lang=fr","title":{"rendered":"Teintures"},"content":{"rendered":"<p>Nous faisons tous types de teinture en pi\u00e8ce, m\u00eame par lots (continue) comme en discontinue.\u00a0 Sur tissus de tout type de fibres : animaux, v\u00e9g\u00e9tales, artificiels, synth\u00e9tiques, et leurs m\u00e9langes.\u00a0 Sur\u00a0 grammages de 60 \u00e0 600 grammes\/m2.\u00a0 Nous sommes capables de servir produits de tous les niveaux de production avec tout type de finissage.<br \/>\n<div class=\"su-row\"><div class=\"su-column su-column-size-2-3\"><div class=\"su-column-inner su-u-clearfix su-u-trim\">\n<p>Jets, Jigger HT, Jigger atmosph\u00e9riques, Pad-Batch, Pad-Ox, Pad-Dry, Pad-Steam, Autoclaves, Thermosol<\/p>\n<\/div><\/div><div class=\"su-column su-column-size-1-3\"><div class=\"su-column-inner su-u-clearfix su-u-trim\">\n<img src=\"http:\/\/grausa.com\/new\/wp-content\/uploads\/2016\/12\/WEBIMG_3927-300x209.jpg\" \/><br \/>\n<\/div><\/div><\/div>\n<div class=\"su-row\"><\/div><div class=\"su-column su-column-size-1-3\"><div class=\"su-column-inner su-u-clearfix su-u-trim\">\n<img src=\"http:\/\/grausa.com\/new\/wp-content\/uploads\/2016\/12\/tin01.jpg\" \/><br \/>\n<\/div><\/div><div class=\"su-column su-column-size-1-3\"><div class=\"su-column-inner su-u-clearfix su-u-trim\">\n<img src=\"http:\/\/grausa.com\/new\/wp-content\/uploads\/2016\/12\/tin02.jpg\" \/><br \/>\n<\/div><\/div><div class=\"su-column su-column-size-1-3\"><div class=\"su-column-inner su-u-clearfix su-u-trim\">\n<img src=\"http:\/\/grausa.com\/new\/wp-content\/uploads\/2016\/12\/tin03.jpg\" \/><br \/>\n<\/div><\/div>\n","protected":false},"excerpt":{"rendered":"<p>Nous faisons tous types de teinture en pi\u00e8ce, m\u00eame par lots (continue) comme en discontinue.\u00a0 Sur tissus de tout type de fibres : animaux, v\u00e9g\u00e9tales, artificiels, synth\u00e9tiques, et leurs m\u00e9langes.\u00a0 Sur\u00a0 grammages de 60 \u00e0 600 grammes\/m2.\u00a0 Nous sommes capables de servir produits de tous les niveaux de production avec tout type de finissage.<\/p>\n","protected":false},"author":3,"featured_media":0,"parent":0,"menu_order":0,"comment_status":"closed","ping_status":"closed","template":"","meta":{"kk_blocks_editor_width":"","_kiokenblocks_attr":"","_kiokenblocks_dimensions":""},"_links":{"self":[{"href":"https:\/\/grausa.com\/new\/wp-json\/wp\/v2\/pages\/1728"}],"collection":[{"href":"https:\/\/grausa.com\/new\/wp-json\/wp\/v2\/pages"}],"about":[{"href":"https:\/\/grausa.com\/new\/wp-json\/wp\/v2\/types\/page"}],"author":[{"embeddable":true,"href":"https:\/\/grausa.com\/new\/wp-json\/wp\/v2\/users\/3"}],"replies":[{"embeddable":true,"href":"https:\/\/grausa.com\/new\/wp-json\/wp\/v2\/comments?post=1728"}],"version-history":[{"count":1,"href":"https:\/\/grausa.com\/new\/wp-json\/wp\/v2\/pages\/1728\/revisions"}],"predecessor-version":[{"id":1729,"href":"https:\/\/grausa.com\/new\/wp-json\/wp\/v2\/pages\/1728\/revisions\/1729"}],"wp:attachment":[{"href":"https:\/\/grausa.com\/new\/wp-json\/wp\/v2\/media?parent=1728"}],"curies":[{"name":"wp","href":"https:\/\/api.w.org\/{rel}","templated":true}]}}