{"id":1726,"date":"2017-02-17T09:58:20","date_gmt":"2017-02-17T09:58:20","guid":{"rendered":"http:\/\/grausa.com\/new\/?page_id=1726"},"modified":"2017-02-17T09:58:20","modified_gmt":"2017-02-17T09:58:20","slug":"responsabilite","status":"publish","type":"page","link":"https:\/\/grausa.com\/new\/developpement-durable-responsabilite-et-innovation\/responsabilite\/?lang=fr","title":{"rendered":"Responsabilit\u00e9"},"content":{"rendered":"<p>Fabrication bas\u00e9e sur l\u2019\u00e9cologie et le d\u00e9veloppement durable. Nous croyons dans le d\u00e9veloppement durable, la responsabilit\u00e9, l\u2019innovation, et le respect de l\u2019environnement.<\/p>\n<p>Nous exigeons de nous-m\u00eames dans la gestion des d\u00e9chets et de l\u2019\u00e9nergie. Nous croyons en l\u2019\u00e9cologie et nous parions\u00a0 sur elle. Nous croyons dans les personnes, qui sont ce qui nous font \u00a0leaders dans notre secteur. Nous nous sommes engag\u00e9s \u00e0 la qualit\u00e9 et a la responsabilit\u00e9 comme outils pour atteindre nos objectifs, qui sont ceux des nos clients.<\/p>\n<div class=\"su-row\"><\/div><div class=\"su-column su-column-size-1-3\"><div class=\"su-column-inner su-u-clearfix su-u-trim\">\n<img src=\"http:\/\/grausa.com\/new\/wp-content\/uploads\/2016\/12\/res01.jpg\" \/><br \/>\n<\/div><\/div><div class=\"su-column su-column-size-1-3\"><div class=\"su-column-inner su-u-clearfix su-u-trim\">\n<img src=\"http:\/\/grausa.com\/new\/wp-content\/uploads\/2016\/12\/res02.jpg\" \/><br \/>\n<\/div><\/div><div class=\"su-column su-column-size-1-3\"><div class=\"su-column-inner su-u-clearfix su-u-trim\">\n<img src=\"http:\/\/grausa.com\/new\/wp-content\/uploads\/2016\/12\/res03.jpg\" \/><br \/>\n<\/div><\/div>\n","protected":false},"excerpt":{"rendered":"<p>Fabrication bas\u00e9e sur l\u2019\u00e9cologie et le d\u00e9veloppement durable. Nous croyons dans le d\u00e9veloppement durable, la responsabilit\u00e9, l\u2019innovation, et le respect de l\u2019environnement. Nous exigeons de nous-m\u00eames dans la gestion des d\u00e9chets et de l\u2019\u00e9nergie. Nous croyons en l\u2019\u00e9cologie et nous parions\u00a0 sur elle. Nous croyons dans les personnes, qui sont ce qui nous font \u00a0leaders &hellip;<\/p>\n","protected":false},"author":3,"featured_media":0,"parent":1722,"menu_order":0,"comment_status":"closed","ping_status":"closed","template":"","meta":{"kk_blocks_editor_width":"","_kiokenblocks_attr":"","_kiokenblocks_dimensions":""},"_links":{"self":[{"href":"https:\/\/grausa.com\/new\/wp-json\/wp\/v2\/pages\/1726"}],"collection":[{"href":"https:\/\/grausa.com\/new\/wp-json\/wp\/v2\/pages"}],"about":[{"href":"https:\/\/grausa.com\/new\/wp-json\/wp\/v2\/types\/page"}],"author":[{"embeddable":true,"href":"https:\/\/grausa.com\/new\/wp-json\/wp\/v2\/users\/3"}],"replies":[{"embeddable":true,"href":"https:\/\/grausa.com\/new\/wp-json\/wp\/v2\/comments?post=1726"}],"version-history":[{"count":1,"href":"https:\/\/grausa.com\/new\/wp-json\/wp\/v2\/pages\/1726\/revisions"}],"predecessor-version":[{"id":1727,"href":"https:\/\/grausa.com\/new\/wp-json\/wp\/v2\/pages\/1726\/revisions\/1727"}],"up":[{"embeddable":true,"href":"https:\/\/grausa.com\/new\/wp-json\/wp\/v2\/pages\/1722"}],"wp:attachment":[{"href":"https:\/\/grausa.com\/new\/wp-json\/wp\/v2\/media?parent=1726"}],"curies":[{"name":"wp","href":"https:\/\/api.w.org\/{rel}","templated":true}]}}