{"id":1724,"date":"2017-02-17T09:56:09","date_gmt":"2017-02-17T09:56:09","guid":{"rendered":"http:\/\/grausa.com\/new\/?page_id=1724"},"modified":"2017-02-17T09:56:09","modified_gmt":"2017-02-17T09:56:09","slug":"innovation","status":"publish","type":"page","link":"https:\/\/grausa.com\/new\/developpement-durable-responsabilite-et-innovation\/innovation\/?lang=fr","title":{"rendered":"Innovation"},"content":{"rendered":"<p>Engag\u00e9s \u00e0 l\u2019innovation, le service, et la qualit\u00e9. Des nouvelles fibres, des nouveaux tiss\u00fas, des solutions nouvelles, polyvalence, la mode, la garantie, l\u2019engagement. D\u00e9partement\u00a0 R + D, contr\u00f4le de qualit\u00e9 des marchandises\u00a0 \u00e0 la r\u00e9ception du tiss\u00fa, contr\u00f4le de la qualit\u00e9 des processus interm\u00e9diaires, tra\u00e7abilit\u00e9, contr\u00f4le de la qualit\u00e9 du produit final, am\u00e9lioration continue des m\u00e9thodes.<\/p>\n<div class=\"su-row\"><\/div><div class=\"su-column su-column-size-1-3\"><div class=\"su-column-inner su-u-clearfix su-u-trim\">\n<img src=\"http:\/\/grausa.com\/new\/wp-content\/uploads\/2016\/12\/inn01.jpg\" \/><br \/>\n<\/div><\/div><div class=\"su-column su-column-size-1-3\"><div class=\"su-column-inner su-u-clearfix su-u-trim\">\n<img src=\"http:\/\/grausa.com\/new\/wp-content\/uploads\/2016\/12\/inn02.jpg\" \/><br \/>\n<\/div><\/div><div class=\"su-column su-column-size-1-3\"><div class=\"su-column-inner su-u-clearfix su-u-trim\">\n<img src=\"http:\/\/grausa.com\/new\/wp-content\/uploads\/2016\/12\/inn03.jpg\" \/><br \/>\n<\/div><\/div>\n","protected":false},"excerpt":{"rendered":"<p>Engag\u00e9s \u00e0 l\u2019innovation, le service, et la qualit\u00e9. Des nouvelles fibres, des nouveaux tiss\u00fas, des solutions nouvelles, polyvalence, la mode, la garantie, l\u2019engagement. D\u00e9partement\u00a0 R + D, contr\u00f4le de qualit\u00e9 des marchandises\u00a0 \u00e0 la r\u00e9ception du tiss\u00fa, contr\u00f4le de la qualit\u00e9 des processus interm\u00e9diaires, tra\u00e7abilit\u00e9, contr\u00f4le de la qualit\u00e9 du produit final, am\u00e9lioration continue des &hellip;<\/p>\n","protected":false},"author":3,"featured_media":0,"parent":1722,"menu_order":0,"comment_status":"closed","ping_status":"closed","template":"","meta":{"kk_blocks_editor_width":"","_kiokenblocks_attr":"","_kiokenblocks_dimensions":""},"_links":{"self":[{"href":"https:\/\/grausa.com\/new\/wp-json\/wp\/v2\/pages\/1724"}],"collection":[{"href":"https:\/\/grausa.com\/new\/wp-json\/wp\/v2\/pages"}],"about":[{"href":"https:\/\/grausa.com\/new\/wp-json\/wp\/v2\/types\/page"}],"author":[{"embeddable":true,"href":"https:\/\/grausa.com\/new\/wp-json\/wp\/v2\/users\/3"}],"replies":[{"embeddable":true,"href":"https:\/\/grausa.com\/new\/wp-json\/wp\/v2\/comments?post=1724"}],"version-history":[{"count":1,"href":"https:\/\/grausa.com\/new\/wp-json\/wp\/v2\/pages\/1724\/revisions"}],"predecessor-version":[{"id":1725,"href":"https:\/\/grausa.com\/new\/wp-json\/wp\/v2\/pages\/1724\/revisions\/1725"}],"up":[{"embeddable":true,"href":"https:\/\/grausa.com\/new\/wp-json\/wp\/v2\/pages\/1722"}],"wp:attachment":[{"href":"https:\/\/grausa.com\/new\/wp-json\/wp\/v2\/media?parent=1724"}],"curies":[{"name":"wp","href":"https:\/\/api.w.org\/{rel}","templated":true}]}}