{"id":1722,"date":"2017-02-17T09:52:57","date_gmt":"2017-02-17T09:52:57","guid":{"rendered":"http:\/\/grausa.com\/new\/?page_id=1722"},"modified":"2019-10-28T11:35:25","modified_gmt":"2019-10-28T11:35:25","slug":"developpement-durable-responsabilite-et-innovation","status":"publish","type":"page","link":"https:\/\/grausa.com\/new\/developpement-durable-responsabilite-et-innovation\/?lang=fr","title":{"rendered":"D\u00e9veloppement  durable,  Responsabilit\u00e9,  et  Innovation"},"content":{"rendered":"<p>Certificat GOTS &#8211; Global Organic Textile Standard.<\/p>\n<p>Certificat GRS &#8211; Global Recycled standard.<\/p>\n<p>Certificat JOIN LIFE du groupe INDITEX.<\/p>\n<p>Certificat OEKO-TEX\u00ae STANDARD 100.<\/p>\n<p>Engag\u00e9s au D\u00e9veloppement\u00a0 durable et\u00a0 l\u2019environnement\u00a0 dans notre processus de production :<\/p>\n<ul>\n<li>Station de d\u2019\u00e9puration des aux residuelles \u00e0 haute efficacit\u00e9 par traitement physico-chimique + biologique + traitement tertiaire<\/li>\n<li>L\u2019entretien d\u2019un \u00a0flux \u00e9cologique dans la rivi\u00e8re Ripoll, d\u2019accord avec l\u2019Administration.<\/li>\n<li>Construction d\u2019une\u00a0 passe\u00a0 (\u00e9chelle)\u00a0 \u00e0\u00a0 poissons pour faciliter le mouvement des poissons, d\u2019accord avec l\u2019Administration.<\/li>\n<li>\u00c9valuation \u00e9nergetique externe.<\/li>\n<li>Cog\u00e9n\u00e9ration \u00e0 haute<\/li>\n<li>Efficacit\u00e9 de l\u2019\u00e9nergie \u00e9lectrique : LEDs, variateurs de fr\u00e9quence (convertisseurs), moteurs \u00e0 haute perfomance, etc &#8230;<\/li>\n<li>Efficacit\u00e9 \u00e9nerg\u00e9tique\u00a0 du\u00a0 gaz :\u00a0 contr\u00f4le automatique de processus, r\u00e9gulation de l\u2019air de combustion dans les br\u00fbleurs, extraction intelligente du renouvellement de l\u2019air aux rameuses par des capteurs d\u2019humidit\u00e9, etc \u2026<\/li>\n<li>Efficacit\u00e9 \u00e9nerg\u00e9tique du vapeur :\u00a0 chaudi\u00e8res \u00e0 haute perfomance, r\u00e9cup\u00e9ration des condensats,\u00a0 purgeurs automatis\u00e9s, br\u00fbleurs\u00a0 avec contr\u00f4le\u00a0 d\u2019air de combustion, etc\u2026<\/li>\n<li>Efficacit\u00e9 \u00e9nerg\u00e9tique de l\u2019air comprim\u00e9 :\u00a0\u00a0 g\u00e9n\u00e9rateur d\u2019air\u00a0 avec variateur de fr\u00e9quence,\u00a0 contr\u00f4le de la consommation, accumulateurs, s\u00e8cheurs, etc \u2026<\/li>\n<li>Efficacit\u00e9 \u00e9nerg\u00e9tique des\u00a0 eaux :\u00a0 recuperation physique\u00a0 et\u00a0 thermique des eaux de refroidissement, contr\u00f4le de la consommation, rationalisation des processus, etc \u2026<\/li>\n<li>R\u00e9utilisation des eaux des processus interm\u00e9diaires.<\/li>\n<li>R\u00e9circulation des eaux us\u00e9es.<\/li>\n<li>Filtres aux\u00a0 \u00e9vacuateurs\u00a0 \u00e0\u00a0 fum\u00e9es.<\/li>\n<li>Automatisation et surveillance des processus.<\/li>\n<li>Distributeurs automatiques des colorants et auxiliaires.<\/li>\n<li>Formation et sensibilisation sur le d\u00e9veloppement<\/li>\n<\/ul>\n<p>Fabrication bas\u00e9e sur le d\u00e9veloppement durable et la responsabilit\u00e9 sociale.<\/p>\n<p>Nous sommes exigeants dans la gestion des d\u00e9chets\u00a0 et\u00a0 l\u2019\u00e9nergie. Nous croyons et sommes engag\u00e9s \u00e0\u00a0 l\u2019\u00e9cologie. Nous croyons en les personnes, qui sont qui nous font leaders dans notre industrie. Nous misons sur la qualit\u00e9 comme outil gr\u00e2ce auquel\u00a0 atteindre notres objectifs, qui sont ceux des notres clients.<\/p>\n<div class=\"su-row\"><div class=\"su-column su-column-size-1-3\"><div class=\"su-column-inner su-u-clearfix su-u-trim\">\n<img loading=\"lazy\" class=\"alignnone size-full wp-image-1961\" src=\"http:\/\/grausa.com\/new\/wp-content\/uploads\/2018\/03\/Exterior3.jpg\" alt=\"\" width=\"1020\" height=\"836\" srcset=\"https:\/\/grausa.com\/new\/wp-content\/uploads\/2018\/03\/Exterior3.jpg 1020w, https:\/\/grausa.com\/new\/wp-content\/uploads\/2018\/03\/Exterior3-300x246.jpg 300w, https:\/\/grausa.com\/new\/wp-content\/uploads\/2018\/03\/Exterior3-768x629.jpg 768w\" sizes=\"(max-width: 1020px) 100vw, 1020px\" \/><br \/>\n<\/div><\/div><div class=\"su-column su-column-size-1-3\"><div class=\"su-column-inner su-u-clearfix su-u-trim\">\n<img loading=\"lazy\" class=\"alignnone size-full wp-image-1872\" src=\"http:\/\/grausa.com\/new\/wp-content\/uploads\/2018\/01\/100_1384-e1517933855361.jpg\" alt=\"Sostenibilitat\" width=\"675\" height=\"506\" \/><br \/>\n<\/div><\/div><div class=\"su-column su-column-size-1-3\"><div class=\"su-column-inner su-u-clearfix su-u-trim\">\n<p><img loading=\"lazy\" class=\"size-full wp-image-1874\" src=\"http:\/\/grausa.com\/new\/wp-content\/uploads\/2018\/01\/100_1576-e1517934200871.jpg\" alt=\"\" width=\"675\" height=\"506\" \/><\/p>\n<\/div><\/div><\/div>\n<p>Engag\u00e9s \u00e0 l\u2019innovation, le service, et la qualit\u00e9. Des nouvelles fibres, des nouveaux tiss\u00fas, des solutions nouvelles, polyvalence, la mode, la garantie, l\u2019engagement. D\u00e9partement\u00a0 R + D, contr\u00f4le de qualit\u00e9 des marchandises \u00a0\u00e0 la r\u00e9ception du tiss\u00fa, contr\u00f4le de la qualit\u00e9 des processus interm\u00e9diaires, tra\u00e7abilit\u00e9, contr\u00f4le de la qualit\u00e9 du produit final, am\u00e9lioration continue des m\u00e9thodes.<\/p>\n<div class=\"su-row\"><div class=\"su-column su-column-size-1-3\"><div class=\"su-column-inner su-u-clearfix su-u-trim\">\n<p><img loading=\"lazy\" class=\"size-full wp-image-1965\" src=\"http:\/\/grausa.com\/new\/wp-content\/uploads\/2018\/03\/101_0068.jpg\" alt=\"\" width=\"4608\" height=\"3456\" srcset=\"https:\/\/grausa.com\/new\/wp-content\/uploads\/2018\/03\/101_0068.jpg 4608w, https:\/\/grausa.com\/new\/wp-content\/uploads\/2018\/03\/101_0068-300x225.jpg 300w, https:\/\/grausa.com\/new\/wp-content\/uploads\/2018\/03\/101_0068-768x576.jpg 768w, https:\/\/grausa.com\/new\/wp-content\/uploads\/2018\/03\/101_0068-1024x768.jpg 1024w\" sizes=\"(max-width: 4608px) 100vw, 4608px\" \/><\/p>\n<\/div><\/div><div class=\"su-column su-column-size-1-3\"><div class=\"su-column-inner su-u-clearfix su-u-trim\">\n<img loading=\"lazy\" class=\"alignnone size-full wp-image-1967\" src=\"http:\/\/grausa.com\/new\/wp-content\/uploads\/2018\/03\/Exterior1.jpg\" alt=\"\" width=\"1578\" height=\"924\" srcset=\"https:\/\/grausa.com\/new\/wp-content\/uploads\/2018\/03\/Exterior1.jpg 1578w, https:\/\/grausa.com\/new\/wp-content\/uploads\/2018\/03\/Exterior1-300x176.jpg 300w, https:\/\/grausa.com\/new\/wp-content\/uploads\/2018\/03\/Exterior1-768x450.jpg 768w, https:\/\/grausa.com\/new\/wp-content\/uploads\/2018\/03\/Exterior1-1024x600.jpg 1024w\" sizes=\"(max-width: 1578px) 100vw, 1578px\" \/><br \/>\n<\/div><\/div><div class=\"su-column su-column-size-1-3\"><div class=\"su-column-inner su-u-clearfix su-u-trim\">\n<img loading=\"lazy\" class=\"alignnone size-full wp-image-1966\" src=\"http:\/\/grausa.com\/new\/wp-content\/uploads\/2018\/03\/IMG_0391.jpg\" alt=\"\" width=\"640\" height=\"480\" srcset=\"https:\/\/grausa.com\/new\/wp-content\/uploads\/2018\/03\/IMG_0391.jpg 640w, https:\/\/grausa.com\/new\/wp-content\/uploads\/2018\/03\/IMG_0391-300x225.jpg 300w\" sizes=\"(max-width: 640px) 100vw, 640px\" \/><br \/>\n<\/div><\/div><\/div>\n<p>GRAU, S.A. a re\u00e7u une subvention de 95.640\u2019-\u20ac pour son projet d&#8217;\u00e9conomie d&#8217;\u00e9nergie et d&#8217;efficacit\u00e9 \u00e9nerg\u00e9tique &#8220;Application des technologies \u00e9nerg\u00e9tiques dans une industrie de finissage textile&#8221; via l\u2019Instituto de Diversificaci\u00f3n y Ahorro de la Energ\u00eda (IDAE). <em>(C&#8217;est-\u00e0-dire\u00a0: l\u2019Institut pour la diversification et l&#8217;\u00e9pargne \u00e9nerg\u00e9tiques &#8211; IDAE)<\/em>. Aide cofinanc\u00e9e par l&#8217;Union europ\u00e9enne dans le cadre du programme op\u00e9rationnel du FEDER pour la croissance intelligente, p\u00e9riode 2014-2020.<em>L&#8217;objectif du projet est l&#8217;automatisation des \u00e9quipements de teinture et de finition, ainsi que l&#8217;optimisation de la combustion du g\u00e9n\u00e9rateur de vapeur<\/em>.\u00a0 Cette action a conduit GRAU, S.A. \u00e0 r\u00e9aliser un investissement de 318.800\u2019- \u20ac.<\/p>\n<p><img loading=\"lazy\" class=\"alignnone size-full wp-image-2092\" src=\"http:\/\/grausa.com\/new\/wp-content\/uploads\/2018\/09\/UE.jpg\" alt=\"\" width=\"445\" height=\"315\" srcset=\"https:\/\/grausa.com\/new\/wp-content\/uploads\/2018\/09\/UE.jpg 445w, https:\/\/grausa.com\/new\/wp-content\/uploads\/2018\/09\/UE-300x212.jpg 300w, https:\/\/grausa.com\/new\/wp-content\/uploads\/2018\/09\/UE-380x270.jpg 380w\" sizes=\"(max-width: 445px) 100vw, 445px\" \/><\/p>\n<p>&nbsp;<\/p>\n","protected":false},"excerpt":{"rendered":"<p>Certificat GOTS &#8211; Global Organic Textile Standard. Certificat GRS &#8211; Global Recycled standard. Certificat JOIN LIFE du groupe INDITEX. Certificat OEKO-TEX\u00ae STANDARD 100. Engag\u00e9s au D\u00e9veloppement\u00a0 durable et\u00a0 l\u2019environnement\u00a0 dans notre processus de production : Station de d\u2019\u00e9puration des aux residuelles \u00e0 haute efficacit\u00e9 par traitement physico-chimique + biologique + traitement tertiaire L\u2019entretien d\u2019un \u00a0flux &hellip;<\/p>\n","protected":false},"author":3,"featured_media":0,"parent":0,"menu_order":0,"comment_status":"closed","ping_status":"closed","template":"template-fullwidth.php","meta":{"kk_blocks_editor_width":"","_kiokenblocks_attr":"","_kiokenblocks_dimensions":""},"_links":{"self":[{"href":"https:\/\/grausa.com\/new\/wp-json\/wp\/v2\/pages\/1722"}],"collection":[{"href":"https:\/\/grausa.com\/new\/wp-json\/wp\/v2\/pages"}],"about":[{"href":"https:\/\/grausa.com\/new\/wp-json\/wp\/v2\/types\/page"}],"author":[{"embeddable":true,"href":"https:\/\/grausa.com\/new\/wp-json\/wp\/v2\/users\/3"}],"replies":[{"embeddable":true,"href":"https:\/\/grausa.com\/new\/wp-json\/wp\/v2\/comments?post=1722"}],"version-history":[{"count":8,"href":"https:\/\/grausa.com\/new\/wp-json\/wp\/v2\/pages\/1722\/revisions"}],"predecessor-version":[{"id":2495,"href":"https:\/\/grausa.com\/new\/wp-json\/wp\/v2\/pages\/1722\/revisions\/2495"}],"wp:attachment":[{"href":"https:\/\/grausa.com\/new\/wp-json\/wp\/v2\/media?parent=1722"}],"curies":[{"name":"wp","href":"https:\/\/api.w.org\/{rel}","templated":true}]}}