{"id":1720,"date":"2017-02-17T09:49:04","date_gmt":"2017-02-17T09:49:04","guid":{"rendered":"http:\/\/grausa.com\/new\/?page_id=1720"},"modified":"2017-02-19T07:28:52","modified_gmt":"2017-02-19T07:28:52","slug":"responsabilite-sociale-lentreprise-rse","status":"publish","type":"page","link":"https:\/\/grausa.com\/new\/responsabilite-sociale-lentreprise-rse\/?lang=fr","title":{"rendered":"Responsabilit\u00e9 sociale de l\u2019entreprise (RSE)"},"content":{"rendered":"<p><img loading=\"lazy\" class=\" wp-image-1205 alignright\" src=\"http:\/\/grausa.com\/new\/wp-content\/uploads\/2016\/12\/Logo_GRAUSA_rsc-300x300.jpg\" alt=\"logo_grausa_rsc\" width=\"143\" height=\"143\" srcset=\"https:\/\/grausa.com\/new\/wp-content\/uploads\/2016\/12\/Logo_GRAUSA_rsc-300x300.jpg 300w, https:\/\/grausa.com\/new\/wp-content\/uploads\/2016\/12\/Logo_GRAUSA_rsc-150x150.jpg 150w, https:\/\/grausa.com\/new\/wp-content\/uploads\/2016\/12\/Logo_GRAUSA_rsc-768x768.jpg 768w, https:\/\/grausa.com\/new\/wp-content\/uploads\/2016\/12\/Logo_GRAUSA_rsc.jpg 925w\" sizes=\"(max-width: 143px) 100vw, 143px\" \/><\/p>\n<p>Le\u00a0 Code de Conduite et de responsabilit\u00e9 sociale de Grau, S.A.\u00a0 \u00e9tablit une s\u00e9rie de principes et exigences dans le centre de production qui permettent un comportement social responsable et \u00e9quitable, permettant l\u2019am\u00e9lioration des conditions de travail de tous les employ\u00e9s, tout en contribuant au d\u00e9veloppement social et \u00e9conomique.<\/p>\n<p>Ce Code de Conduite et Responsabilit\u00e9 Sociale a \u00e9t\u00e9 audit\u00e9 par diff\u00e9rentes soci\u00e9t\u00e9s\u00a0 externes pour v\u00e9rifier la conformit\u00e9.<\/p>\n<p>Grau, S.A.\u00a0 a r\u00e9cemment\u00a0 collabor\u00e9, entre autres, avec\u00a0 :<\/p>\n<ul>\n<li>UD Tibidabo\u00a0 Torre\u00a0 Romeu\u00a0 (Union Sportive)<\/li>\n<li>Hospital Sant Joan de D\u00e9u (H\u00f4pital)<\/li>\n<li>Ajuntament de Castellar del Vall\u00e8s (Mairie)<\/li>\n<li>Col\u00b7legi Sant Nicolau, de Sabadell\u00a0 (\u00c9cole)<\/li>\n<li>Associaci\u00f3 de Ve\u00efns La Central \u2013L\u2019Olivera, d\u2019Olesa de Montserrat (Association de Quartier)<\/li>\n<li>Escola de Formaci\u00f3 Professional Avan\u00e7ada de Sabadell (Formation Professionelle)<\/li>\n<li>Creu Roja\u00a0 (Croix\u00a0 Rouge)<\/li>\n<li>Escola de Poliny\u00e0, Dptmt. d\u2019Ensenyament (\u00c9cole)<\/li>\n<li>Club Patinatge Art\u00edstic Santa Perp\u00e8tua de Mogoda (Union Sportive)<\/li>\n<li>Escola Virolet de Castellar del Vall\u00e8s, Dptmt. d\u2019Ensenyament\u00a0 (\u00c9cole)<\/li>\n<li>M.P.A Escola Miquel Mart\u00ed i Pol, Sabadell (Association de parents d\u2019\u00e9l\u00e8ves)<\/li>\n<li>Grup Pessebrista de Castellar del Vall\u00e8s (Association artistique et culturelle)<\/li>\n<li>Fundaci\u00f3 El Somni dels Nens \u2013 Grup Pessebrista Sant Feliu del Rac\u00f3 (Fondation artistique et culturelle)<\/li>\n<li>Fundaci\u00f3 La Morisca de Gerri de la Sal ((Fondation ethnologique et culturelle)<\/li>\n<li>C\u00e0ritas de Sabadell\u00a0 (Association d\u2019aide sociale)<\/li>\n<\/ul>\n","protected":false},"excerpt":{"rendered":"<p>Le\u00a0 Code de Conduite et de responsabilit\u00e9 sociale de Grau, S.A.\u00a0 \u00e9tablit une s\u00e9rie de principes et exigences dans le centre de production qui permettent un comportement social responsable et \u00e9quitable, permettant l\u2019am\u00e9lioration des conditions de travail de tous les employ\u00e9s, tout en contribuant au d\u00e9veloppement social et \u00e9conomique. Ce Code de Conduite et Responsabilit\u00e9 &hellip;<\/p>\n","protected":false},"author":3,"featured_media":0,"parent":0,"menu_order":0,"comment_status":"closed","ping_status":"closed","template":"template-fullwidth.php","meta":{"kk_blocks_editor_width":"","_kiokenblocks_attr":"","_kiokenblocks_dimensions":""},"_links":{"self":[{"href":"https:\/\/grausa.com\/new\/wp-json\/wp\/v2\/pages\/1720"}],"collection":[{"href":"https:\/\/grausa.com\/new\/wp-json\/wp\/v2\/pages"}],"about":[{"href":"https:\/\/grausa.com\/new\/wp-json\/wp\/v2\/types\/page"}],"author":[{"embeddable":true,"href":"https:\/\/grausa.com\/new\/wp-json\/wp\/v2\/users\/3"}],"replies":[{"embeddable":true,"href":"https:\/\/grausa.com\/new\/wp-json\/wp\/v2\/comments?post=1720"}],"version-history":[{"count":2,"href":"https:\/\/grausa.com\/new\/wp-json\/wp\/v2\/pages\/1720\/revisions"}],"predecessor-version":[{"id":1821,"href":"https:\/\/grausa.com\/new\/wp-json\/wp\/v2\/pages\/1720\/revisions\/1821"}],"wp:attachment":[{"href":"https:\/\/grausa.com\/new\/wp-json\/wp\/v2\/media?parent=1720"}],"curies":[{"name":"wp","href":"https:\/\/api.w.org\/{rel}","templated":true}]}}