{"id":1711,"date":"2017-02-17T09:22:53","date_gmt":"2017-02-17T09:22:53","guid":{"rendered":"http:\/\/grausa.com\/new\/?page_id=1711"},"modified":"2018-06-12T09:06:57","modified_gmt":"2018-06-12T09:06:57","slug":"politique-de-cookies","status":"publish","type":"page","link":"https:\/\/grausa.com\/new\/politique-de-cookies\/?lang=fr","title":{"rendered":"Politique de Cookies"},"content":{"rendered":"<p>Un cookie est un fichier qui est t\u00e9l\u00e9charg\u00e9 sur votre ordinateur o\u00f9 autre terminal\u00a0 lors de l\u2019acc\u00e8s \u00e0 certaines pages Web. Les cookies permettent \u00e0 un site Web, entre autres choses, de stocker et de r\u00e9cup\u00e9rer des informations sur les habitudes de navigation d&#8217;un utilisateur ou de son terminal, telles que la langue et les options pr\u00e9f\u00e9r\u00e9es, par exemple. \u00a0Cette terminal peut \u00eatre un ordinateur, un t\u00e9l\u00e9phone mobile, une tablette, etc\u2026 \u00a0Et en fonction des informations qu&#8217;elle contienne et la fa\u00e7on dont on utilise cet ordinateur, peuvent \u00eatre utilis\u00e9es \u00a0pour reconna\u00eetre l&#8217;utilisateur, et rendre sa procha\u00eene visite plus confortable et utile en offrant un contenu personnalis\u00e9. Les cookies peuvent \u00eatre de session temporaires et des cookies persistants.\u00a0 Le navigateur de l\u2019utilisateur memorise les cookies temporaires sur le disque dur seulement pendant la session en cours, occupant un minimum d\u2019espace m\u00e9moire, sans nuire \u00e0 l\u2019ordinateur, et la plupart d&#8217;entre eux sont supprim\u00e9s du disque dur \u00e0 la fin de la session du navigateur (soi-disant cookies de session).Tandis que les donn\u00e9es persistantes restent afin qu\u2019elles puissent \u00eatre utilis\u00e9es dans plus d\u2019une session. En tout cas, les cookies ne contiennent pas des donn\u00e9es personnelles sp\u00e9cifiques.<\/p>\n<p>La plupart des navigateurs acceptent les cookies en standard, et ind\u00e9pendamment de celui-ci, permettent ou emp\u00eachent dans les param\u00e8tres de s\u00e9curit\u00e9 les cookies temporaires o\u00f9 persistants.<\/p>\n<p>Sans leur consentement expr\u00e8s\u00a0 -par l&#8217;activation des cookies dans votre navigateur-\u00a0\u00a0 <a href=\"http:\/\/grausa.com\/new\">www.grausa.com<\/a>\u00a0 ne va pas relier dans les cookies les donn\u00e9es personnelles fournies au moment de l&#8217;enregistrement \u00a0ou d\u2019un \u00e9ventuel achat.<\/p>\n<p>Quels\u00a0 types de cookies sont utilis\u00e9s dans ce site web\u00a0?<\/p>\n<p><strong>Cookies\u00a0 techniques<\/strong>\u00a0:\u00a0 Ce sont les cookies qui permettent l\u2019utilisateur de naviguer sur le site, ou la plateforme ou l&#8217;application et l\u2019utilisation des diff\u00e9rentes options ou des services disponibles sur elle. Par exemple, pour contr\u00f4ler le trafic et la communication de donn\u00e9es, identifier et maintenir votre session, permettre l&#8217;acc\u00e8s a parties du site d\u2019acc\u00e8s restreint, souvenir les \u00e9l\u00e9ments d&#8217;un ordre, r\u00e9aliser le processus d\u2019une commande d\u2019achat , effectuer une demande d&#8217;inscription ou\u00a0 participation dans un \u00e9v\u00e9nement, utiliser \u00a0des \u00e9l\u00e9ments de s\u00e9curit\u00e9 lors de la navigation, \u00a0stocker des contenus pour la diffusion de vid\u00e9os o\u00f9 audio, o\u00f9 partager des contenus via les r\u00e9seaux sociaux.<\/p>\n<p><strong>Cookies de personnalisation<\/strong>\u00a0:\u00a0\u00a0 Ce sont les cookies qui permettent l\u2019utilisateur d\u2019acc\u00e9der au service avec certaines caract\u00e9ristiques d&#8217;ordre g\u00e9n\u00e9ral pr\u00e9d\u00e9finies sur le terminal de l\u2019utilisateur -en fonction d\u2019un certain nombre de crit\u00e8res-.\u00a0 Crit\u00e8res tels que la langue, le type de navigateur utilis\u00e9 pour acc\u00e9der au service, la g\u00e9olocalisation du terminal et les param\u00e8tres r\u00e9gionaux de l&#8217;endroit d\u2019o\u00f9 on acc\u00e9de au service, etc \u2026<\/p>\n<p><strong>Cookies Publicitaires<\/strong> <strong>:\u00a0 <\/strong>Ce sont les cookies que, bien\u00a0 trait\u00e9es par la m\u00eame Grau, S.A.,\u00a0 bien trait\u00e9es par des tiers,\u00a0 permettent\u00a0 g\u00e9rer de la fa\u00e7on la plus efficace possible l\u2019offre des\u00a0 espaces publicitaires sur le site en adaptant le contenu publicitaire au contenu du service sollicit\u00e9 ou l&#8217;utilisation faite de notre site Web. \u00a0Pour cela, nous pouvons analyser vos habitudes de navigation sur Internet et nous pouvons montrer\u00a0 publicit\u00e9 li\u00e9e \u00e0 votre profil de navigation.<\/p>\n<p><strong>Cookies de publicit\u00e9 comportementale<\/strong>\u00a0:\u00a0 Ce sont les cookies que permettent\u00a0 g\u00e9rer\u00a0\u00a0 -de la fa\u00e7on la plus efficace possible- \u00a0\u00a0les\u00a0 espaces publicitaires\u00a0 que l\u2019\u00e9diteur ait pu int\u00e9grer dans une page web, application, ou \u00a0plateforme,\u00a0 d\u2019o\u00f9\u00a0 laquelle \u00a0le service \u00a0demand\u00e9 \u00a0est \u00a0prest\u00e9. Ces cookies stockent des informations sur le comportement des utilisateurs, obtenues par la poursuite de l&#8217;observation de leurs habitudes de navigation. Permettant de d\u00e9velopper un profil sp\u00e9cifique pour afficher des annonces bas\u00e9es sur celui-l\u00e0.<\/p>\n<p><strong>Cookies \u00a0tiers<\/strong>\u00a0:\u00a0 Le site web \u00a0<a href=\"http:\/\/grausa.com\/new\">www.grausa.com<\/a> \u00a0\u00a0peut utiliser des services fournis par des tiers que, pour\u00a0 compte de Google,\u00a0 peuvent\u00a0 \u00a0-\u00e0 des fins statistiques-\u00a0 recueillir des informations sur\u00a0 l\u2019utilisation du site web par l\u2019utilisateur, et pour fournir d&#8217;autres services li\u00e9s \u00e0 l&#8217;activit\u00e9 du site Web et d&#8217;autres services de l\u2019Internet.<\/p>\n<p>L&#8217;utilisateur accepte express\u00e9ment, en utilisant ce site web, le traitement de l&#8217;information obtenue de la mani\u00e8re et aux fins mentionn\u00e9es ci-dessus. Et aussi il reconna\u00eet son potentiel de refuser le traitement de ces donn\u00e9es ou informations en rejetant l&#8217;utilisation de cookies en s\u00e9lectionnant les param\u00e8tres appropri\u00e9s \u00e0 cet effet dans leur navigateur. Bien que cette option de bloquer les cookies dans leur navigateur peut ne permettre pas la pleine utilisation de toutes les fonctionnalit\u00e9s du site web.<\/p>\n<p>Vous pouvez autoriser, bloquer ou supprimer les cookies install\u00e9s sur votre ordinateur en configurant les options du navigateur install\u00e9 sur votre ordinateur. Navigateurs tels que Chrome, Explorer, Firefox, ou Safari.<\/p>\n<p>Si\u00a0 vous\u00a0 avez\u00a0 des\u00a0 doutes\u00a0 au \u00a0sujet \u00a0de\u00a0 cette\u00a0 politique\u00a0 de\u00a0 cookies,\u00a0 vous\u00a0 pouvez\u00a0 nous\u00a0 contacter\u00a0 via notre web <a href=\"http:\/\/grausa.com\/new\">www.grausa.com<\/a>\u00a0 par l\u2019e-mail\u00a0 <a href=\"mailto:grausa@grausa.com\">grausa@grausa.com<\/a> . Ou directement a travers de\u00a0 l\u2019e-mail mentionn\u00e9\u00a0\u00a0 <a href=\"mailto:grausa@grausa.com\">grausa@grausa.com<\/a><\/p>\n","protected":false},"excerpt":{"rendered":"<p>Un cookie est un fichier qui est t\u00e9l\u00e9charg\u00e9 sur votre ordinateur o\u00f9 autre terminal\u00a0 lors de l\u2019acc\u00e8s \u00e0 certaines pages Web. Les cookies permettent \u00e0 un site Web, entre autres choses, de stocker et de r\u00e9cup\u00e9rer des informations sur les habitudes de navigation d&#8217;un utilisateur ou de son terminal, telles que la langue et les &hellip;<\/p>\n","protected":false},"author":3,"featured_media":0,"parent":0,"menu_order":0,"comment_status":"closed","ping_status":"closed","template":"template-fullwidth.php","meta":{"kk_blocks_editor_width":"","_kiokenblocks_attr":"","_kiokenblocks_dimensions":""},"_links":{"self":[{"href":"https:\/\/grausa.com\/new\/wp-json\/wp\/v2\/pages\/1711"}],"collection":[{"href":"https:\/\/grausa.com\/new\/wp-json\/wp\/v2\/pages"}],"about":[{"href":"https:\/\/grausa.com\/new\/wp-json\/wp\/v2\/types\/page"}],"author":[{"embeddable":true,"href":"https:\/\/grausa.com\/new\/wp-json\/wp\/v2\/users\/3"}],"replies":[{"embeddable":true,"href":"https:\/\/grausa.com\/new\/wp-json\/wp\/v2\/comments?post=1711"}],"version-history":[{"count":2,"href":"https:\/\/grausa.com\/new\/wp-json\/wp\/v2\/pages\/1711\/revisions"}],"predecessor-version":[{"id":2049,"href":"https:\/\/grausa.com\/new\/wp-json\/wp\/v2\/pages\/1711\/revisions\/2049"}],"wp:attachment":[{"href":"https:\/\/grausa.com\/new\/wp-json\/wp\/v2\/media?parent=1711"}],"curies":[{"name":"wp","href":"https:\/\/api.w.org\/{rel}","templated":true}]}}