{"id":1701,"date":"2017-02-17T08:16:57","date_gmt":"2017-02-17T08:16:57","guid":{"rendered":"http:\/\/grausa.com\/new\/?page_id=1701"},"modified":"2018-06-12T09:34:14","modified_gmt":"2018-06-12T09:34:14","slug":"nous-contacter","status":"publish","type":"page","link":"https:\/\/grausa.com\/new\/nous-contacter\/?lang=fr","title":{"rendered":"Nous  Contacter"},"content":{"rendered":"<div class=\"su-row\"><div class=\"su-column su-column-size-1-2\"><div class=\"su-column-inner su-u-clearfix su-u-trim\">\n<p>Si vous voulez nous contacter, bien parce que vous voulez \u00a0nous\u00a0 poser \u00a0de questions, bien parce que vous \u00eates int\u00e9ress\u00e9s par nos services, vous pouvez nous \u00a0appeler \u00a0au t\u00e9l\u00e9phone\u00a0 +34 93 714 34 50, ou \u00a0remplir \u00a0le formulaire\u00a0 ci-dessous :<\/p>\n<div role=\"form\" class=\"wpcf7\" id=\"wpcf7-f1806-o1\" lang=\"es-ES\" dir=\"ltr\">\n<div class=\"screen-reader-response\"><p role=\"status\" aria-live=\"polite\" aria-atomic=\"true\"><\/p> <ul><\/ul><\/div>\n<form action=\"\/new\/wp-json\/wp\/v2\/pages\/1701#wpcf7-f1806-o1\" method=\"post\" class=\"wpcf7-form init\" novalidate=\"novalidate\" data-status=\"init\">\n<div style=\"display: none;\">\n<input type=\"hidden\" name=\"_wpcf7\" value=\"1806\" \/>\n<input type=\"hidden\" name=\"_wpcf7_version\" value=\"5.4\" \/>\n<input type=\"hidden\" name=\"_wpcf7_locale\" value=\"es_ES\" \/>\n<input type=\"hidden\" name=\"_wpcf7_unit_tag\" value=\"wpcf7-f1806-o1\" \/>\n<input type=\"hidden\" name=\"_wpcf7_container_post\" value=\"0\" \/>\n<input type=\"hidden\" name=\"_wpcf7_posted_data_hash\" value=\"\" \/>\n<\/div>\n<p><label> Pr\u00e9nom et Nom (Champ obligatoire)<br \/>\n    <span class=\"wpcf7-form-control-wrap your-name\"><input type=\"text\" name=\"your-name\" value=\"\" size=\"30\" maxlength=\"60\" class=\"wpcf7-form-control wpcf7-text wpcf7-validates-as-required\" aria-required=\"true\" aria-invalid=\"false\" \/><\/span> <\/label><\/p>\n<p><label> Entreprise (Champ obligatoire)<br \/>\n    <span class=\"wpcf7-form-control-wrap your-business\"><input type=\"text\" name=\"your-business\" value=\"\" size=\"40\" class=\"wpcf7-form-control wpcf7-text\" aria-invalid=\"false\" \/><\/span><\/label><\/p>\n<p><label> Tu correo electr\u00f3nico (Champ obligatoire)<br \/>\n    <span class=\"wpcf7-form-control-wrap your-email\"><input type=\"email\" name=\"your-email\" value=\"\" size=\"40\" class=\"wpcf7-form-control wpcf7-text wpcf7-email wpcf7-validates-as-required wpcf7-validates-as-email\" aria-required=\"true\" aria-invalid=\"false\" \/><\/span> <\/label><\/p>\n<p><label> Sujet du message<br \/>\n    <span class=\"wpcf7-form-control-wrap your-subject\"><input type=\"text\" name=\"your-subject\" value=\"\" size=\"40\" class=\"wpcf7-form-control wpcf7-text\" aria-invalid=\"false\" \/><\/span> <\/label><\/p>\n<p><label> Votre message<br \/>\n    <span class=\"wpcf7-form-control-wrap your-message\"><textarea name=\"your-message\" cols=\"40\" rows=\"10\" class=\"wpcf7-form-control wpcf7-textarea\" aria-invalid=\"false\">votre message ici...<\/textarea><\/span> <\/label><\/p>\n<p class=\"info\"><strong>CONSENTEMENT \u00c9CLAIR\u00c9<\/strong><\/p>\n<p class=\"info\">Les \u00a0donn\u00e9es \u00a0que \u00a0vous \u00a0nous \u00a0fournissez \u00a0seront \u00a0incorpor\u00e9es\u00a0 et \u00a0trait\u00e9es \u00a0dans \u00a0un \u00a0fichier \u00a0automatis\u00e9 \u00a0par \u00a0Grau, S.A., a fin d\u2019attendre l\u2019actuelle relation. Les donn\u00e9es sont confidentielleset d\u2019utilisation exclusive de Grau, S.A., responsable du dossier. Grau, S.A. est domicili\u00e9 \u00e0\u00a0 Riu Ripoll, s\/n, 08211 \u2013 Castellar del Vall\u00e8s (Barcelona).<\/p>\n<p class=\"info\">Si vous le souhaitez, vous pouvez acc\u00e9der, annuler, et vous opposer au traitement de cettes donn\u00e9es,\u00a0 en \u00e9crivant \u00e0\u00a0 l\u2019adresse ci-dessus.<\/p>\n<p class=\"info\">Dans le respect de\u00a0 l\u2019obligation d\u2019information vis\u00e9e \u00e0\u00a0 l\u2019article 10 de la Loi espagnole 34\/2002, d\u201911 de Juillet, de Services de la Soci\u00e9t\u00e9 de l\u2019Information et du Commerce \u00c9lectronique, nous vous informons que le responsable du site c\u2019est la propre Grau, S.A., avec le domaine <a href=\"http:\/\/grausa.com\/new\">www.grausa.com<\/a>, enregistr\u00e9 dans le registre correspondant. Les communications des utilisateurs et les personnes int\u00e9ress\u00e9es seront abord\u00e9es\u00a0 \u00e0 l\u2019adresse \u00e9lectronique suivante : <a href=\"mailto:grausa@grausa.com\">grausa@grausa.com<\/a>.<\/p>\n<p><br><\/p>\n<p><span class=\"wpcf7-form-control-wrap your-consent-1\"><span class=\"wpcf7-form-control wpcf7-acceptance\"><span class=\"wpcf7-list-item\"><label><input type=\"checkbox\" name=\"your-consent-1\" value=\"1\" aria-invalid=\"false\" \/><span class=\"wpcf7-list-item-label\">J'accepte de recevoir des informations commerciales, y compris par courrier \u00e9lectronique.<\/span><\/label><\/span><\/span><\/span><\/p>\n<p><span class=\"wpcf7-form-control-wrap your-consent-2\"><span class=\"wpcf7-form-control wpcf7-acceptance\"><span class=\"wpcf7-list-item\"><label><input type=\"checkbox\" name=\"your-consent-2\" value=\"1\" aria-invalid=\"false\" \/><span class=\"wpcf7-list-item-label\">J'ai lu et j'accepte la <a href=\"http:\/\/grausa.com\/new\/politica-de-privacidad\/?lang=es\" target=\"blank\">politique de confidentialit\u00e9.<\/a><\/span><\/label><\/span><\/span><\/span><\/p>\n<p><br><\/p>\n<p><input type=\"submit\" value=\"Parcourir\" class=\"wpcf7-form-control wpcf7-submit\" \/><\/p>\n<div class=\"wpcf7-response-output\" aria-hidden=\"true\"><\/div><\/form><\/div>\n<\/div><\/div> <div class=\"su-column su-column-size-1-2\"><div class=\"su-column-inner su-u-clearfix su-u-trim\">\n<p><strong>Grau S.A.<\/strong><\/p>\n<p>Riu Ripoll s\/n<br \/>\nApartado de Correos 45<br \/>\n08211 Castellar del Vall\u00e9s<br \/>\nBarcelona<\/p>\n<p><strong>Comment\u00a0 arriver\u00a0\u00a0 de\u00a0 Barcelone:<\/strong><\/p>\n<p>Quitter\u00a0 Barcelone sur\u00a0 l\u2019Autoroute C-58, direction\u00a0 Sabadell \u2013 Terrassa.\u00a0 Quitter l\u2019autoroute a la sortie Sabadell Sud. One fois situ\u00e9s dans la Gran Via de Sabadell, passer sous les diff\u00e9rents ponts, jusqu\u2019au les pont n\u00ba 7 inclusive. Se positionner a droite pour quitter la Gran Via et pour tomber de nouveau a droite aux feus de circulation. Prendre la route B-124 que va vous porter a Castellar del Vall\u00e8s apr\u00e8s sept\u00a0 Kms. Traverser Castellar del Vall\u00e8s en direction \u00e0 Sant Lloren\u00e7 Savall.<\/p>\n<p>Grau, S.A. se trouve a la m\u00eame Route B-124, au Km 9,3, environ\u00a0 1,5 Km apr\u00e9s avoir quitt\u00e9 la ville.<\/p>\n<p><strong>Coordonn\u00e9es<\/strong><\/p>\n<p>N\u00a0 41\u00ba 37.463\u2019\u00a0\u00a0\u00a0\u00a0 &#8211;\u00a0\u00a0\u00a0 E\u00a0 2\u00ba 04.416\u2019<\/p>\n<p>Num\u00e9ro\u00a0 d\u2019Identification\u00a0 Fiscale\u00a0 (NIF \/ TVA) :\u00a0 AO8026072<\/p>\n<div class=\"su-gmap su-u-responsive-media-yes\"><iframe width=\"266\" height=\"360\" src=\"\/\/maps.google.com\/maps?q=GRAU%2C%20Carrer%20del%20Riu%20Ripoll%20s%2Fn%2C%2008211%20Castellar%20del%20Vall%C3%A8s%2C%20Barcelona%2C%20Espa%C3%B1a&amp;output=embed\" title=\"\"><\/iframe><\/div><\/div><\/div><\/div>\n","protected":false},"excerpt":{"rendered":"","protected":false},"author":3,"featured_media":0,"parent":0,"menu_order":0,"comment_status":"closed","ping_status":"closed","template":"template-fullwidth.php","meta":{"kk_blocks_editor_width":"","_kiokenblocks_attr":"","_kiokenblocks_dimensions":""},"_links":{"self":[{"href":"https:\/\/grausa.com\/new\/wp-json\/wp\/v2\/pages\/1701"}],"collection":[{"href":"https:\/\/grausa.com\/new\/wp-json\/wp\/v2\/pages"}],"about":[{"href":"https:\/\/grausa.com\/new\/wp-json\/wp\/v2\/types\/page"}],"author":[{"embeddable":true,"href":"https:\/\/grausa.com\/new\/wp-json\/wp\/v2\/users\/3"}],"replies":[{"embeddable":true,"href":"https:\/\/grausa.com\/new\/wp-json\/wp\/v2\/comments?post=1701"}],"version-history":[{"count":5,"href":"https:\/\/grausa.com\/new\/wp-json\/wp\/v2\/pages\/1701\/revisions"}],"predecessor-version":[{"id":2052,"href":"https:\/\/grausa.com\/new\/wp-json\/wp\/v2\/pages\/1701\/revisions\/2052"}],"wp:attachment":[{"href":"https:\/\/grausa.com\/new\/wp-json\/wp\/v2\/media?parent=1701"}],"curies":[{"name":"wp","href":"https:\/\/api.w.org\/{rel}","templated":true}]}}