{"id":1684,"date":"2017-02-17T07:40:07","date_gmt":"2017-02-17T07:40:07","guid":{"rendered":"http:\/\/grausa.com\/new\/?page_id=1684"},"modified":"2017-02-17T07:40:07","modified_gmt":"2017-02-17T07:40:07","slug":"entrepot","status":"publish","type":"page","link":"https:\/\/grausa.com\/new\/entrepot\/?lang=fr","title":{"rendered":"Entrep\u00f4t"},"content":{"rendered":"<p>Entrep\u00f4t\u00a0 logistique pour la pr\u00e9paration et stockage des tissus, et pour la pr\u00e9paration des commandes et\u00a0 lots de production. Contr\u00f4le des stocks, examen et contr\u00f4le des marchandises \u00e0 la r\u00e9ception a fin de v\u00e9rifier si elles sont conformes aux standards des clients.<\/p>\n<div class=\"su-row\"><\/div><div class=\"su-column su-column-size-1-3\"><div class=\"su-column-inner su-u-clearfix su-u-trim\">\n<img src=\"http:\/\/grausa.com\/new\/wp-content\/uploads\/2016\/12\/alm03.jpg\" \/><br \/>\n<\/div><\/div><div class=\"su-column su-column-size-1-3\"><div class=\"su-column-inner su-u-clearfix su-u-trim\">\n<img src=\"http:\/\/grausa.com\/new\/wp-content\/uploads\/2016\/12\/alm02.jpg\" \/><br \/>\n<\/div><\/div><div class=\"su-column su-column-size-1-3\"><div class=\"su-column-inner su-u-clearfix su-u-trim\">\n<img src=\"http:\/\/grausa.com\/new\/wp-content\/uploads\/2016\/12\/alm01.jpg\" \/><br \/>\n<\/div><\/div>\n","protected":false},"excerpt":{"rendered":"<p>Entrep\u00f4t\u00a0 logistique pour la pr\u00e9paration et stockage des tissus, et pour la pr\u00e9paration des commandes et\u00a0 lots de production. Contr\u00f4le des stocks, examen et contr\u00f4le des marchandises \u00e0 la r\u00e9ception a fin de v\u00e9rifier si elles sont conformes aux standards des clients.<\/p>\n","protected":false},"author":3,"featured_media":0,"parent":0,"menu_order":0,"comment_status":"closed","ping_status":"closed","template":"","meta":{"kk_blocks_editor_width":"","_kiokenblocks_attr":"","_kiokenblocks_dimensions":""},"_links":{"self":[{"href":"https:\/\/grausa.com\/new\/wp-json\/wp\/v2\/pages\/1684"}],"collection":[{"href":"https:\/\/grausa.com\/new\/wp-json\/wp\/v2\/pages"}],"about":[{"href":"https:\/\/grausa.com\/new\/wp-json\/wp\/v2\/types\/page"}],"author":[{"embeddable":true,"href":"https:\/\/grausa.com\/new\/wp-json\/wp\/v2\/users\/3"}],"replies":[{"embeddable":true,"href":"https:\/\/grausa.com\/new\/wp-json\/wp\/v2\/comments?post=1684"}],"version-history":[{"count":1,"href":"https:\/\/grausa.com\/new\/wp-json\/wp\/v2\/pages\/1684\/revisions"}],"predecessor-version":[{"id":1685,"href":"https:\/\/grausa.com\/new\/wp-json\/wp\/v2\/pages\/1684\/revisions\/1685"}],"wp:attachment":[{"href":"https:\/\/grausa.com\/new\/wp-json\/wp\/v2\/media?parent=1684"}],"curies":[{"name":"wp","href":"https:\/\/api.w.org\/{rel}","templated":true}]}}