{"id":1680,"date":"2017-02-17T07:35:31","date_gmt":"2017-02-17T07:35:31","guid":{"rendered":"http:\/\/grausa.com\/new\/?page_id=1680"},"modified":"2017-02-17T07:35:31","modified_gmt":"2017-02-17T07:35:31","slug":"ennoblissement","status":"publish","type":"page","link":"https:\/\/grausa.com\/new\/ennoblissement\/?lang=fr","title":{"rendered":"Ennoblissement"},"content":{"rendered":"<p>Thermofixage, soft, vieilli, adoucissement avec\u00a0 tumbler et airo, lainage, \u00e9merisage,\u00a0 rasage, presage, d\u00e9catissage en continu et discontinu, KD, calandrage, cirage, sanforisage, crash transfer, sponging, vaporisage, et autres. Et appr\u00eats\u00a0 chimiques telles comme adoucissants, infroissables, hydrofuges, antitaches, imperm\u00e9ables teflon\u00e9es et autres, ignifuges,\u00a0 sanitized, transpirables, antistatiques, sylicon\u00e9es, irr\u00e9tr\u00e9cissables, fongicides, haute visibilit\u00e9, et autres.<\/p>\n<p>Sur articles de laine peign\u00e9e et card\u00e9e, coton, lin, chemiserie, tissus techniques, technos, tapisserie, enfance, et autres.<\/p>\n<p>Sp\u00e9cialistes en mode et\u00a0 tissus techniques.<\/p>\n<p>&nbsp;<\/p>\n<div class=\"su-row\"><div class=\"su-column su-column-size-1-3\"><div class=\"su-column-inner su-u-clearfix su-u-trim\">\n<img src=\"http:\/\/grausa.com\/new\/wp-content\/uploads\/2016\/12\/acabados01.jpg\" \/><br \/>\n<\/div><\/div><div class=\"su-column su-column-size-1-3\"><div class=\"su-column-inner su-u-clearfix su-u-trim\">\n<img src=\"http:\/\/grausa.com\/new\/wp-content\/uploads\/2016\/12\/acabados02.jpg\" \/><br \/>\n<\/div><\/div><div class=\"su-column su-column-size-1-3\"><div class=\"su-column-inner su-u-clearfix su-u-trim\">\n<img src=\"http:\/\/grausa.com\/new\/wp-content\/uploads\/2016\/12\/04.jpg\" \/><br \/>\n<\/div><\/div>\n<div class=\"su-row\"><\/div><div class=\"su-column su-column-size-1-5\"><div class=\"su-column-inner su-u-clearfix su-u-trim\">\n<\/div><\/div><div class=\"su-column su-column-size-1-5\"><div class=\"su-column-inner su-u-clearfix su-u-trim\">\n<\/div><\/div><\/div>\n","protected":false},"excerpt":{"rendered":"<p>Thermofixage, soft, vieilli, adoucissement avec\u00a0 tumbler et airo, lainage, \u00e9merisage,\u00a0 rasage, presage, d\u00e9catissage en continu et discontinu, KD, calandrage, cirage, sanforisage, crash transfer, sponging, vaporisage, et autres. Et appr\u00eats\u00a0 chimiques telles comme adoucissants, infroissables, hydrofuges, antitaches, imperm\u00e9ables teflon\u00e9es et autres, ignifuges,\u00a0 sanitized, transpirables, antistatiques, sylicon\u00e9es, irr\u00e9tr\u00e9cissables, fongicides, haute visibilit\u00e9, et autres. Sur articles de laine &hellip;<\/p>\n","protected":false},"author":3,"featured_media":0,"parent":0,"menu_order":0,"comment_status":"closed","ping_status":"closed","template":"","meta":{"kk_blocks_editor_width":"","_kiokenblocks_attr":"","_kiokenblocks_dimensions":""},"_links":{"self":[{"href":"https:\/\/grausa.com\/new\/wp-json\/wp\/v2\/pages\/1680"}],"collection":[{"href":"https:\/\/grausa.com\/new\/wp-json\/wp\/v2\/pages"}],"about":[{"href":"https:\/\/grausa.com\/new\/wp-json\/wp\/v2\/types\/page"}],"author":[{"embeddable":true,"href":"https:\/\/grausa.com\/new\/wp-json\/wp\/v2\/users\/3"}],"replies":[{"embeddable":true,"href":"https:\/\/grausa.com\/new\/wp-json\/wp\/v2\/comments?post=1680"}],"version-history":[{"count":1,"href":"https:\/\/grausa.com\/new\/wp-json\/wp\/v2\/pages\/1680\/revisions"}],"predecessor-version":[{"id":1681,"href":"https:\/\/grausa.com\/new\/wp-json\/wp\/v2\/pages\/1680\/revisions\/1681"}],"wp:attachment":[{"href":"https:\/\/grausa.com\/new\/wp-json\/wp\/v2\/media?parent=1680"}],"curies":[{"name":"wp","href":"https:\/\/api.w.org\/{rel}","templated":true}]}}