{"id":1043,"date":"2016-12-01T16:54:25","date_gmt":"2016-12-01T16:54:25","guid":{"rendered":"http:\/\/grausa.com\/new\/?page_id=1043"},"modified":"2020-07-15T07:59:17","modified_gmt":"2020-07-15T07:59:17","slug":"politica-de-privacidad","status":"publish","type":"page","link":"https:\/\/grausa.com\/new\/politica-de-privacidad\/?lang=es","title":{"rendered":"Pol\u00edtica de privacidad"},"content":{"rendered":"<p><strong>A. POL\u00cdTICA DE PRIVACIDAD<\/strong><\/p>\n<p>La confidencialidad y la seguridad son valores primordiales de GRAU S.A. y, en consecuencia, asumimos el compromiso de garantizar la privacidad del Usuario en todo momento y de no recabar informaci\u00f3n innecesaria. A continuaci\u00f3n, le proporcionamos toda la informaci\u00f3n necesaria sobre nuestra Pol\u00edtica de Privacidad en relaci\u00f3n con los datos personales que recabamos, explic\u00e1ndole:<\/p>\n<ul>\n<li>Qui\u00e9n es el responsable del tratamiento de sus datos.<\/li>\n<li>Para qu\u00e9 finalidades recabamos los datos que le solicitamos.<\/li>\n<li>Cu\u00e1l es la legitimaci\u00f3n para su tratamiento.<\/li>\n<li>Durante cu\u00e1nto tiempo los conservamos.<\/li>\n<li>\u00a0A qu\u00e9 destinatarios se comunican sus datos.<\/li>\n<li>Cu\u00e1les son sus derechos.<\/li>\n<\/ul>\n<ol>\n<li>RESPONSABLE: ver datos en el encabezamiento.<\/li>\n<\/ol>\n<ol start=\"2\">\n<li>FINALIDADES, LEGITIMACI\u00d3N Y CONSERVACI\u00d3N\u00a0 de los tratamientos de los datos enviados a trav\u00e9s de:<\/li>\n<\/ol>\n<ul>\n<li><u>Formulario de Contacto<\/u>.<\/li>\n<\/ul>\n<p>Finalidad: Facilitarle un medio para que pueda ponerse en contacto con nosotros y contestar a sus solicitudes de informaci\u00f3n, as\u00ed como enviarle comunicaciones de nuestros productos, servicios y actividades, inclusive por medios electr\u00f3nicos (correo electr\u00f3nico, SMS, etc.), si marca la casilla de aceptaci\u00f3n.<\/p>\n<p>Legitimaci\u00f3n: El consentimiento del usuario al solicitarnos informaci\u00f3n a trav\u00e9s de nuestro formulario de contactos y al marcar la casilla de aceptaci\u00f3n de env\u00edo de informaci\u00f3n.<\/p>\n<p>Conservaci\u00f3n: Una vez resuelta su solicitud por medio de nuestro formulario o contestada por correo electr\u00f3nico, si no ha generado un nuevo tratamiento, y en caso de haber aceptado recibir env\u00edos comerciales, hasta que solicite la baja de los mismos.<\/p>\n<ul>\n<li><u>Env\u00edo de correos electr\u00f3nicos.<\/u><\/li>\n<\/ul>\n<p>Finalidad: Contestar a sus solicitudes de informaci\u00f3n, atender sus peticiones y responder sus consultas o dudas.\u00a0\u00a0En caso de recibir su Curr\u00edculum Vitae, sus datos personales y curriculares podr\u00e1n formar parte de nuestras bases de datos para participar en nuestros procesos de selecci\u00f3n presentes y futuros.<\/p>\n<p>Legitimaci\u00f3n: El consentimiento del usuario al solicitarnos informaci\u00f3n a trav\u00e9s de la direcci\u00f3n de correo electr\u00f3nico o enviarnos sus datos y CV para participar en nuestros procesos de selecci\u00f3n.<\/p>\n<p>Conservaci\u00f3n: Una vez resulta contestada su petici\u00f3n por correo electr\u00f3nico, si no ha generado un nuevo tratamiento. En el caso de recibir su CV, sus datos podr\u00e1n ser conservados durante un a\u00f1o m\u00e1ximo para futuros procesos de selecci\u00f3n.<\/p>\n<p><strong>Obligaci\u00f3n de facilitarnos sus datos personales y consecuencias de no hacerlo.<\/strong><\/p>\n<p>El suministro de datos personales requiere una edad m\u00ednima de 14 a\u00f1os, o en su caso, disponer de capacidad jur\u00eddica suficiente para contratar.<\/p>\n<p>Los datos personales solicitados son necesarios para gestionar sus solicitudes, darle de alta como usuario y\/o prestarle los servicios que pueda contratar, por lo que, si no nos los facilita, no podremos atenderle correctamente ni prestarle el servicio que ha solicitado.<\/p>\n<p>En todo caso, nos reservamos el derecho\u00a0de decidir sobre la incorporaci\u00f3n o no de sus datos personales y dem\u00e1s informaci\u00f3n\u00a0a nuestras bases de datos.<\/p>\n<p>3. DESTINATARIOS DE SUS DATOS.<\/p>\n<p>Sus datos son confidenciales y no se ceder\u00e1n a terceros, salvo que exista obligaci\u00f3n legal.<\/p>\n<p>4. DERECHOS EN RELACI\u00d3N CON SUS DATOS PERSONALES.<\/p>\n<p>Cualquier persona puede retirar su consentimiento en cualquier momento, cuando el mismo se haya otorgado para el tratamiento de sus datos. En ning\u00fan caso, la retirada de este consentimiento condiciona la ejecuci\u00f3n del contrato de suscripci\u00f3n o las relaciones generadas con anterioridad.<\/p>\n<p>Igualmente, puede ejercer los siguientes derechos:<\/p>\n<ul>\n<li>Solicitar el acceso a sus datos personales o su rectificaci\u00f3n cuando sean inexactos.<\/li>\n<li>Solicitar su supresi\u00f3n cuando, entre otros motivos, los datos ya no sean necesarios para los fines para los que fueron recogidos.<\/li>\n<li>Solicitar la limitaci\u00f3n de su tratamiento en determinadas circunstancias.<\/li>\n<li>Solicitar la oposici\u00f3n al tratamiento de sus datos por motivos relacionados con su situaci\u00f3n particular.<\/li>\n<li>Solicitar la portabilidad de los datos en los casos previstos en la normativa.<\/li>\n<li>Otros derechos reconocidos en las normativas aplicables.<\/li>\n<\/ul>\n<p><u>D\u00f3nde y c\u00f3mo solicitar sus Derechos<\/u>: Mediante un escrito dirigido al responsable a su direcci\u00f3n postal o electr\u00f3nica (indicadas en el apartado A), indicando la referencia \u201cDatos Personales\u201d, especificando el derecho que se quiere ejercer y respecto a qu\u00e9 datos personales.<\/p>\n<p>En caso de divergencias con la empresa en relaci\u00f3n con el tratamiento de sus datos, puede presentar una reclamaci\u00f3n ante la Agencia de Protecci\u00f3n de Datos (www.agpd.es).<\/p>\n<ol start=\"5\">\n<li>SEGURIDAD DE SUS DATOS PERSONALES<\/li>\n<\/ol>\n<p>Con el objetivo de salvaguardar la seguridad de sus datos personales, le informamos que hemos adoptado todas las medidas de \u00edndole t\u00e9cnica y organizativa necesarias para garantizar la seguridad de los datos personales suministrados de su alteraci\u00f3n, p\u00e9rdida y tratamientos o accesos no autorizados.<\/p>\n<ol start=\"6\">\n<li>ACTUALIZACI\u00d3N DE SUS DATOS<\/li>\n<\/ol>\n<p>Es importante que para que podamos mantener sus datos personales actualizados, nos informe siempre que haya habido alguna modificaci\u00f3n en ellos, en caso contrario, no respondemos de la veracidad de los mismos.<\/p>\n<p>No nos hacemos responsables de la pol\u00edtica de privacidad respecto a los datos personales que pueda facilitar a terceros por medio de los enlaces disponibles en nuestra p\u00e1gina web.<\/p>\n<p>La presente Pol\u00edtica de Privacidad puede ser modificada para adaptarlas a los cambios que se produzca en nuestra web, as\u00ed como modificaciones legislativas o jurisprudenciales sobre datos personales que vayan apareciendo, por lo que exige su lectura, cada vez que nos facilite sus datos a trav\u00e9s de esta Web.<\/p>\n<p><strong>Cookies<\/strong><\/p>\n<p>Esta p\u00e1gina web s\u00f3lo utiliza cookies t\u00e9cnicas y de personalizaci\u00f3n de sesi\u00f3n, que en ning\u00fan caso tratan datos de car\u00e1cter personal ni captan h\u00e1bitos de navegaci\u00f3n para fines estad\u00edsticos o publicitarios, por ello, no se requiere, de acuerdo con el art\u00edculo 22 de la Ley de Servicios de la Sociedad de la Informaci\u00f3n, su consentimiento para su instalaci\u00f3n temporal durante su sesi\u00f3n de navegaci\u00f3n.<\/p>\n<p><strong>B. RESPONSABILIDADES<\/strong><\/p>\n<p>Al poner a disposici\u00f3n del usuario esta p\u00e1gina Web queremos ofrecerle un servicio de calidad, utilizando la m\u00e1xima diligencia en la prestaci\u00f3n del mismo, as\u00ed como en los medios tecnol\u00f3gicos utilizados. No obstante, no responderemos de la presencia de virus y otros elementos que de alg\u00fan modo puedan da\u00f1ar el sistema inform\u00e1tico del usuario.<\/p>\n<p>No garantizamos que la disponibilidad del servicio sea continua e ininterrumpida.<\/p>\n<p>El USUARIO tiene prohibido cualquier tipo de acci\u00f3n sobre nuestro portal que origine una excesiva sobrecarga de funcionamiento a nuestros sistemas inform\u00e1ticos, as\u00ed como la introducci\u00f3n de virus, o instalaci\u00f3n de robots, o software que altere el normal funcionamiento de nuestra web, o en definitiva pueda causar da\u00f1os a nuestros sistemas inform\u00e1ticos.<\/p>\n<p>El USUARIO asume toda la responsabilidad derivada del uso de nuestra p\u00e1gina web.<\/p>\n<p>El USUARIO reconoce que ha entendido toda la informaci\u00f3n respecto a las condiciones de uso de nuestro portal, y reconoce que son suficientes para la exclusi\u00f3n del error en las mismas, y por lo tanto, las acepta integra y expresamente.<\/p>\n","protected":false},"excerpt":{"rendered":"<p>A. POL\u00cdTICA DE PRIVACIDAD La confidencialidad y la seguridad son valores primordiales de GRAU S.A. y, en consecuencia, asumimos el compromiso de garantizar la privacidad del Usuario en todo momento y de no recabar informaci\u00f3n innecesaria. A continuaci\u00f3n, le proporcionamos toda la informaci\u00f3n necesaria sobre nuestra Pol\u00edtica de Privacidad en relaci\u00f3n con los datos personales &hellip;<\/p>\n","protected":false},"author":1,"featured_media":0,"parent":0,"menu_order":0,"comment_status":"closed","ping_status":"closed","template":"template-fullwidth.php","meta":{"kk_blocks_editor_width":"","_kiokenblocks_attr":"","_kiokenblocks_dimensions":""},"_links":{"self":[{"href":"https:\/\/grausa.com\/new\/wp-json\/wp\/v2\/pages\/1043"}],"collection":[{"href":"https:\/\/grausa.com\/new\/wp-json\/wp\/v2\/pages"}],"about":[{"href":"https:\/\/grausa.com\/new\/wp-json\/wp\/v2\/types\/page"}],"author":[{"embeddable":true,"href":"https:\/\/grausa.com\/new\/wp-json\/wp\/v2\/users\/1"}],"replies":[{"embeddable":true,"href":"https:\/\/grausa.com\/new\/wp-json\/wp\/v2\/comments?post=1043"}],"version-history":[{"count":9,"href":"https:\/\/grausa.com\/new\/wp-json\/wp\/v2\/pages\/1043\/revisions"}],"predecessor-version":[{"id":2588,"href":"https:\/\/grausa.com\/new\/wp-json\/wp\/v2\/pages\/1043\/revisions\/2588"}],"wp:attachment":[{"href":"https:\/\/grausa.com\/new\/wp-json\/wp\/v2\/media?parent=1043"}],"curies":[{"name":"wp","href":"https:\/\/api.w.org\/{rel}","templated":true}]}}