{"id":1560,"date":"2017-01-19T14:04:34","date_gmt":"2017-01-19T14:04:34","guid":{"rendered":"http:\/\/grausa.com\/new\/?page_id=1560"},"modified":"2017-01-19T14:04:34","modified_gmt":"2017-01-19T14:04:34","slug":"tintures","status":"publish","type":"page","link":"http:\/\/grausa.com\/new\/tintures\/","title":{"rendered":"Tintures"},"content":{"rendered":"<p>Tot tipus de tintures, tant a la cont\u00ednua com discont\u00ednua, tot tipus de fibres, animals, vegetals, artificials, sint\u00e8tiques i les seves mescles, gramatges des de 60 a 600 grams per metre quadrat.<br \/>\nCapacitats per servir productes de qualsevol nivell de producci\u00f3, amb qualsevol tipus d&#8217;acabat.<\/p>\n<div class=\"su-row\"><div class=\"su-column su-column-size-2-3\"><div class=\"su-column-inner su-u-clearfix su-u-trim\">\n<p style=\"text-align: left;\">Jets<br \/>\nJigger alta temperatura<br \/>\nJigger atmosf\u00e8ric<br \/>\nPad-batch<br \/>\nPad-ox<br \/>\nPad-dry<br \/>\nPad-steam<br \/>\nAutoclaus<br \/>\nTermosol<\/p>\n<\/div><\/div><div class=\"su-column su-column-size-1-3\"><div class=\"su-column-inner su-u-clearfix su-u-trim\">\n<img src=\"http:\/\/grausa.com\/new\/wp-content\/uploads\/2016\/12\/WEBIMG_3927-300x209.jpg\" \/><br \/>\n<\/div><\/div><\/div>\n<div class=\"su-row\"><\/div><div class=\"su-column su-column-size-1-3\"><div class=\"su-column-inner su-u-clearfix su-u-trim\">\n<img src=\"http:\/\/grausa.com\/new\/wp-content\/uploads\/2016\/12\/tin01.jpg\" \/><br \/>\n<\/div><\/div><div class=\"su-column su-column-size-1-3\"><div class=\"su-column-inner su-u-clearfix su-u-trim\">\n<img src=\"http:\/\/grausa.com\/new\/wp-content\/uploads\/2016\/12\/tin02.jpg\" \/><br \/>\n<\/div><\/div><div class=\"su-column su-column-size-1-3\"><div class=\"su-column-inner su-u-clearfix su-u-trim\">\n<img src=\"http:\/\/grausa.com\/new\/wp-content\/uploads\/2016\/12\/tin03.jpg\" \/><br \/>\n<\/div><\/div>\n","protected":false},"excerpt":{"rendered":"<p>Tot tipus de tintures, tant a la cont\u00ednua com discont\u00ednua, tot tipus de fibres, animals, vegetals, artificials, sint\u00e8tiques i les seves mescles, gramatges des de 60 a 600 grams per metre quadrat. Capacitats per servir productes de qualsevol nivell de producci\u00f3, amb qualsevol tipus d&#8217;acabat.<\/p>\n","protected":false},"author":3,"featured_media":0,"parent":0,"menu_order":0,"comment_status":"closed","ping_status":"closed","template":"","meta":{"kk_blocks_editor_width":"","_kiokenblocks_attr":"","_kiokenblocks_dimensions":""},"_links":{"self":[{"href":"http:\/\/grausa.com\/new\/wp-json\/wp\/v2\/pages\/1560"}],"collection":[{"href":"http:\/\/grausa.com\/new\/wp-json\/wp\/v2\/pages"}],"about":[{"href":"http:\/\/grausa.com\/new\/wp-json\/wp\/v2\/types\/page"}],"author":[{"embeddable":true,"href":"http:\/\/grausa.com\/new\/wp-json\/wp\/v2\/users\/3"}],"replies":[{"embeddable":true,"href":"http:\/\/grausa.com\/new\/wp-json\/wp\/v2\/comments?post=1560"}],"version-history":[{"count":1,"href":"http:\/\/grausa.com\/new\/wp-json\/wp\/v2\/pages\/1560\/revisions"}],"predecessor-version":[{"id":1561,"href":"http:\/\/grausa.com\/new\/wp-json\/wp\/v2\/pages\/1560\/revisions\/1561"}],"wp:attachment":[{"href":"http:\/\/grausa.com\/new\/wp-json\/wp\/v2\/media?parent=1560"}],"curies":[{"name":"wp","href":"https:\/\/api.w.org\/{rel}","templated":true}]}}