{"id":1554,"date":"2017-01-19T13:57:41","date_gmt":"2017-01-19T13:57:41","guid":{"rendered":"http:\/\/grausa.com\/new\/?page_id=1554"},"modified":"2019-10-28T11:35:52","modified_gmt":"2019-10-28T11:35:52","slug":"sostenibilitat-responsabilitat-i-innovacio","status":"publish","type":"page","link":"http:\/\/grausa.com\/new\/sostenibilitat-responsabilitat-i-innovacio\/","title":{"rendered":"Sostenibilitat, Responsabilitat i Innovaci\u00f3"},"content":{"rendered":"<p>Certificat GOTS &#8211; Global Organic Textile Standard.<\/p>\n<p>Certificat GRS &#8211; Global Recycled standard.<\/p>\n<p>Certificat JOIN LIFE del grup INDITEX.<\/p>\n<p>Certificat OEKO-TEX\u00ae STANDARD 100.<\/p>\n<p>Compromesos amb la sostenibilitat i el medi ambient en el nostre proc\u00e9s productiu:<\/p>\n<p style=\"text-align: left;\">EDAR (Estaci\u00f3 Depuradora d&#8217;Aig\u00fces Residuals) d&#8217;alta efici\u00e8ncia fisicoqu\u00edmica + biol\u00f2gica + tractament terciari.<br \/>\nManteniment d&#8217;un cabal ecol\u00f2gic al Riu Ripoll pactat amb l&#8217;Administraci\u00f3.<br \/>\nConstrucci\u00f3 d&#8217;una escala de peixos per a la continu\u00eftat del moviment dels peixos pactat amb l&#8217;Administraci\u00f3.<br \/>\nAvaluaci\u00f3 energ\u00e8tica externa.<br \/>\nCogeneraci\u00f3 d&#8217;alt rendiment.<br \/>\nEfici\u00e8ncia energ\u00e8tica el\u00e8ctrica: LEDs, variadors de freq\u00fc\u00e8ncia, motors d&#8217;alta efici\u00e8ncia, etc.<br \/>\nEfici\u00e8ncia energ\u00e8tica gas: Control autom\u00e0tic de processos, regulaci\u00f3 d&#8217;aire i combusti\u00f3 en cremadors, extracci\u00f3 intel\u00b7ligent de renovaci\u00f3, etc.<br \/>\nEfici\u00e8ncia energ\u00e8tica vapor: Caldera d&#8217;alta efici\u00e8ncia, recuperaci\u00f3 de condensats, purgadors autom\u00e0tics, cremador amb control d&#8217;aire de combusti\u00f3, etc.<br \/>\nEfici\u00e8ncia energ\u00e8tica aire comprimit: Generador d&#8217;aire variable amb variador de freq\u00fc\u00e8ncia, control de consums, acumuladors, assecadors, etc.<br \/>\nEfici\u00e8ncia energ\u00e8tica aig\u00fces: Recuperaci\u00f3 d&#8217;aig\u00fces de refrigeraci\u00f3, control de consums, racionalitzaci\u00f3 de processos, etc.<br \/>\nReutilitzaci\u00f3 d&#8217;aig\u00fces de proc\u00e9s intermedi.<br \/>\nRecirculaci\u00f3 d&#8217;aig\u00fces residuals.<\/p>\n<div class=\"su-row\"><div class=\"su-column su-column-size-1-3\"><div class=\"su-column-inner su-u-clearfix su-u-trim\">\n<p><img loading=\"lazy\" class=\"wp-image-1961 alignnone\" src=\"http:\/\/grausa.com\/new\/wp-content\/uploads\/2018\/03\/Exterior3.jpg\" alt=\"Exterior3\" width=\"665\" height=\"545\" srcset=\"http:\/\/grausa.com\/new\/wp-content\/uploads\/2018\/03\/Exterior3.jpg 1020w, http:\/\/grausa.com\/new\/wp-content\/uploads\/2018\/03\/Exterior3-300x246.jpg 300w, http:\/\/grausa.com\/new\/wp-content\/uploads\/2018\/03\/Exterior3-768x629.jpg 768w\" sizes=\"(max-width: 665px) 100vw, 665px\" \/><\/p>\n<\/div><\/div><div class=\"su-column su-column-size-1-3\"><div class=\"su-column-inner su-u-clearfix su-u-trim\"><img loading=\"lazy\" class=\"wp-image-1872 size-full alignnone\" src=\"http:\/\/grausa.com\/new\/wp-content\/uploads\/2018\/01\/100_1384-e1517933855361.jpg\" alt=\"Sostenibilitat\" width=\"675\" height=\"506\" \/><\/p>\n<\/div><\/div><div class=\"su-column su-column-size-1-3\"><div class=\"su-column-inner su-u-clearfix su-u-trim\"><img loading=\"lazy\" class=\"wp-image-1874 size-full alignnone\" src=\"http:\/\/grausa.com\/new\/wp-content\/uploads\/2018\/01\/100_1576-e1517934200871.jpg\" alt=\"KODAK Digital Still Camera\" width=\"675\" height=\"506\" \/><\/p>\n<\/div><\/div><\/div>\n<p style=\"text-align: justify;\">Filtres de fums.<br \/>\nAutomatitzaci\u00f3 i monitoritzaci\u00f3 de processos.<br \/>\nDispensadors autom\u00e0tics de tints i auxiliars.<br \/>\nCursos de conscienciaci\u00f3 en sostenibilitat.<br \/>\nFabricaci\u00f3 basada en la sostenibilitat, la responsabilitat i el respecte al medi ambient.<br \/>\nSom exigents en la gesti\u00f3 de residus i energia, creiem en l&#8217;ecologia i apostem per ella, creiem en les persones, que s\u00f3n les que ens fan l\u00edders del nostre sector. Apostem per la qualitat com a eina per aconseguir el nostre objectiu, que \u00e9s el del nostre client.<\/p>\n<p>Compromesos amb la innovaci\u00f3 el servei i la qualitat. Noves fibres, nous teixits, noves solucions, polival\u00e8ncia, moda, garantia, comprom\u00eds. Departament de R + D, control de qualitat a la recepci\u00f3 del teixit, control de la qualitat en els processos intermedis, tra\u00e7abilitat, control qualitat producte final, millora cont\u00ednua de m\u00e8todes.<\/p>\n<div class=\"su-row\"><div class=\"su-column su-column-size-1-3\"><div class=\"su-column-inner su-u-clearfix su-u-trim\">\n<p><img loading=\"lazy\" class=\"size-full wp-image-1965\" src=\"http:\/\/grausa.com\/new\/wp-content\/uploads\/2018\/03\/101_0068.jpg\" alt=\"KODAK Digital Still Camera\" width=\"4608\" height=\"3456\" srcset=\"http:\/\/grausa.com\/new\/wp-content\/uploads\/2018\/03\/101_0068.jpg 4608w, http:\/\/grausa.com\/new\/wp-content\/uploads\/2018\/03\/101_0068-300x225.jpg 300w, http:\/\/grausa.com\/new\/wp-content\/uploads\/2018\/03\/101_0068-768x576.jpg 768w, http:\/\/grausa.com\/new\/wp-content\/uploads\/2018\/03\/101_0068-1024x768.jpg 1024w\" sizes=\"(max-width: 4608px) 100vw, 4608px\" \/><\/p>\n<\/div><\/div><div class=\"su-column su-column-size-1-3\"><div class=\"su-column-inner su-u-clearfix su-u-trim\">\n<img loading=\"lazy\" class=\"alignnone size-full wp-image-1967\" src=\"http:\/\/grausa.com\/new\/wp-content\/uploads\/2018\/03\/Exterior1.jpg\" alt=\"Exterior1\" width=\"1578\" height=\"924\" srcset=\"http:\/\/grausa.com\/new\/wp-content\/uploads\/2018\/03\/Exterior1.jpg 1578w, http:\/\/grausa.com\/new\/wp-content\/uploads\/2018\/03\/Exterior1-300x176.jpg 300w, http:\/\/grausa.com\/new\/wp-content\/uploads\/2018\/03\/Exterior1-768x450.jpg 768w, http:\/\/grausa.com\/new\/wp-content\/uploads\/2018\/03\/Exterior1-1024x600.jpg 1024w\" sizes=\"(max-width: 1578px) 100vw, 1578px\" \/><\/p>\n<\/div><\/div><div class=\"su-column su-column-size-1-3\"><div class=\"su-column-inner su-u-clearfix su-u-trim\">\n<img loading=\"lazy\" class=\"alignnone size-full wp-image-1966\" src=\"http:\/\/grausa.com\/new\/wp-content\/uploads\/2018\/03\/IMG_0391.jpg\" alt=\"IMG_0391\" width=\"640\" height=\"480\" srcset=\"http:\/\/grausa.com\/new\/wp-content\/uploads\/2018\/03\/IMG_0391.jpg 640w, http:\/\/grausa.com\/new\/wp-content\/uploads\/2018\/03\/IMG_0391-300x225.jpg 300w\" sizes=\"(max-width: 640px) 100vw, 640px\" \/><br \/>\n<\/div><\/div><\/div>\n<p><strong>GRAU,S.A.<\/strong> ha rebut una ajuda de 95.640 \u20ac pel seu projecte d&#8217;estalvi i efici\u00e8ncia energ\u00e8tica &#8220;Aplicaci\u00f3 de tecnologies energ\u00e8tiques a una ind\u00fastria d&#8217;acabats t\u00e8xtils&#8221; mitjan\u00e7ant l&#8217; INSTITUTO DE DIVERSIFICACI\u00d3N Y AHORRO DE LA ENERG\u00cdA (IDAE), ajuda cofinan\u00e7ada per la Uni\u00f3 Europea a trav\u00e9s del Programa Operatiu FEDER de Creixement Intel\u00b7ligent 2014-2020. L&#8217;objectiu del projecte \u00e9s l&#8217;automatitzaci\u00f3 dels equips de tintura i acabats, i l&#8217;optimitzaci\u00f3 de la combusti\u00f3 del generador de vapor. Aquesta actuaci\u00f3 ha suposat a GRAU,S.A. portar a terme una inversi\u00f3 de 318.800 \u20ac.<\/p>\n<p><img loading=\"lazy\" class=\"alignnone size-full wp-image-2092\" src=\"http:\/\/grausa.com\/new\/wp-content\/uploads\/2018\/09\/UE.jpg\" alt=\"\" width=\"445\" height=\"315\" srcset=\"http:\/\/grausa.com\/new\/wp-content\/uploads\/2018\/09\/UE.jpg 445w, http:\/\/grausa.com\/new\/wp-content\/uploads\/2018\/09\/UE-300x212.jpg 300w, http:\/\/grausa.com\/new\/wp-content\/uploads\/2018\/09\/UE-380x270.jpg 380w\" sizes=\"(max-width: 445px) 100vw, 445px\" \/><\/p>\n<p>&nbsp;<\/p>\n","protected":false},"excerpt":{"rendered":"<p>Certificat GOTS &#8211; Global Organic Textile Standard. Certificat GRS &#8211; Global Recycled standard. Certificat JOIN LIFE del grup INDITEX. Certificat OEKO-TEX\u00ae STANDARD 100. Compromesos amb la sostenibilitat i el medi ambient en el nostre proc\u00e9s productiu: EDAR (Estaci\u00f3 Depuradora d&#8217;Aig\u00fces Residuals) d&#8217;alta efici\u00e8ncia fisicoqu\u00edmica + biol\u00f2gica + tractament terciari. Manteniment d&#8217;un cabal ecol\u00f2gic al Riu &hellip;<\/p>\n","protected":false},"author":3,"featured_media":0,"parent":0,"menu_order":0,"comment_status":"closed","ping_status":"closed","template":"template-fullwidth.php","meta":{"kk_blocks_editor_width":"","_kiokenblocks_attr":"","_kiokenblocks_dimensions":""},"_links":{"self":[{"href":"http:\/\/grausa.com\/new\/wp-json\/wp\/v2\/pages\/1554"}],"collection":[{"href":"http:\/\/grausa.com\/new\/wp-json\/wp\/v2\/pages"}],"about":[{"href":"http:\/\/grausa.com\/new\/wp-json\/wp\/v2\/types\/page"}],"author":[{"embeddable":true,"href":"http:\/\/grausa.com\/new\/wp-json\/wp\/v2\/users\/3"}],"replies":[{"embeddable":true,"href":"http:\/\/grausa.com\/new\/wp-json\/wp\/v2\/comments?post=1554"}],"version-history":[{"count":13,"href":"http:\/\/grausa.com\/new\/wp-json\/wp\/v2\/pages\/1554\/revisions"}],"predecessor-version":[{"id":2496,"href":"http:\/\/grausa.com\/new\/wp-json\/wp\/v2\/pages\/1554\/revisions\/2496"}],"wp:attachment":[{"href":"http:\/\/grausa.com\/new\/wp-json\/wp\/v2\/media?parent=1554"}],"curies":[{"name":"wp","href":"https:\/\/api.w.org\/{rel}","templated":true}]}}