{"id":1549,"date":"2017-01-19T13:49:12","date_gmt":"2017-01-19T13:49:12","guid":{"rendered":"http:\/\/grausa.com\/new\/?page_id=1549"},"modified":"2018-03-08T15:39:14","modified_gmt":"2018-03-08T15:39:14","slug":"rd","status":"publish","type":"page","link":"http:\/\/grausa.com\/new\/rd\/","title":{"rendered":"R+D"},"content":{"rendered":"<p><strong>Projectes R+D<\/strong><\/p>\n<p>Entitat Protectora de l&#8217;Associaci\u00f3 Espanyola de Qu\u00edmics i Coloristes T\u00e8xtils <a href=\"http:\/\/aeqct.org\/es\/\">AEQCT<\/a><\/p>\n<p>Empresa associada al Centre Tecnol\u00f2gic <a href=\"http:\/\/www.aitex.es\/es\/\">AITEX<\/a><\/p>\n<p>Normes UNE 166002 juntament amb el Centre Tecnol\u00f2gic <a href=\"http:\/\/www.leitat.org\/castellano\/\">LEITAT<\/a>.<\/p>\n<p>ECUVal. Projecte europeu de R + D per decoloraci\u00f3 d&#8217;aig\u00fces amb la U.P.C.<\/p>\n<p>Grau, S.A. participa en el projecte ECUVal, un nou tractament per decoloraci\u00f3 d&#8217;aig\u00fces despr\u00e9s dels processos de tintura, per tal d&#8217;obtenir beneficis ambientals i una major efici\u00e8ncia dels recursos.<\/p>\n<p>El projecte ECUVal \u00e9s una tecnologia ecol\u00f2gica basada en un innovador sistema que combina t\u00e8cniques electroqu\u00edmiques amb irradiaci\u00f3 UV per al tractament de les aig\u00fces residuals procedents de la tintura t\u00e8xtil i posterior reutilitzaci\u00f3 dels efluents tractats.<\/p>\n<p>&nbsp;<\/p>\n<div class=\"su-row\"><div class=\"su-column su-column-size-1-6\"><div class=\"su-column-inner su-u-clearfix su-u-trim\">\n<a href=\"http:\/\/www.ecuval.eu\/es\/node\/20\" target=\"blank\"><img src=\"http:\/\/grausa.com\/new\/wp-content\/uploads\/2016\/12\/id01.png\" data-gal='prettyPhoto' rel='prettyPhoto' \/><\/a><br \/>\n<\/div><\/div><div class=\"su-column su-column-size-1-6\"><div class=\"su-column-inner su-u-clearfix su-u-trim\">\n<a href=\"http:\/\/www.fitex.es\/\" target=\"blank\"><img src=\"http:\/\/grausa.com\/new\/wp-content\/uploads\/2016\/12\/id02.png\" data-gal='prettyPhoto' rel='prettyPhoto' \/><\/a><br \/>\n<\/div><\/div><div class=\"su-column su-column-size-1-6\"><div class=\"su-column-inner su-u-clearfix su-u-trim\">\n<a href=\"http:\/\/www.icomatex.com\" target=\"blank\"><img src=\"http:\/\/grausa.com\/new\/wp-content\/uploads\/2016\/12\/id03.png\" data-gal='prettyPhoto' rel='prettyPhoto' \/><\/a><br \/>\n<\/div><\/div><div class=\"su-column su-column-size-1-6\"><div class=\"su-column-inner su-u-clearfix su-u-trim\">\n<a href=\"http:\/\/www.upc.edu\/intexter\/ca\" target=\"blank\"><img src=\"http:\/\/grausa.com\/new\/wp-content\/uploads\/2016\/12\/id04.png\" data-gal='prettyPhoto' rel='prettyPhoto' \/><\/a><br \/>\n<\/div><\/div><div class=\"su-column su-column-size-1-6\"><div class=\"su-column-inner su-u-clearfix su-u-trim\">\n<img src=\"http:\/\/grausa.com\/new\/wp-content\/uploads\/2016\/12\/id05.png\" \/><br \/>\n<\/div><\/div><div class=\"su-column su-column-size-1-6\"><div class=\"su-column-inner su-u-clearfix su-u-trim\">\n<img src=\"http:\/\/grausa.com\/new\/wp-content\/uploads\/2016\/12\/id06.png\" \/><br \/>\n<\/div><\/div><\/div>\n<p>Laboratori homologat per als estudis de les mostres i la seva reproductivitat en la producci\u00f3, arxiu hist\u00f2ric de mostres, cuina de colors totalment automatitzada, per aconseguir la m\u00e0xima continu\u00eftat en les partides de producci\u00f3.<\/p>\n<p>Compromesos amb el medi ambient i els est\u00e0ndards de qualitat m\u00e0xima.<\/p>\n<p>&nbsp;<\/p>\n<div class=\"su-row\"><\/div><div class=\"su-column su-column-size-1-3\"><div class=\"su-column-inner su-u-clearfix su-u-trim\">\n<p><img loading=\"lazy\" class=\"size-full wp-image-1965\" src=\"http:\/\/grausa.com\/new\/wp-content\/uploads\/2018\/03\/101_0068.jpg\" alt=\"KODAK Digital Still Camera\" width=\"4608\" height=\"3456\" srcset=\"http:\/\/grausa.com\/new\/wp-content\/uploads\/2018\/03\/101_0068.jpg 4608w, http:\/\/grausa.com\/new\/wp-content\/uploads\/2018\/03\/101_0068-300x225.jpg 300w, http:\/\/grausa.com\/new\/wp-content\/uploads\/2018\/03\/101_0068-768x576.jpg 768w, http:\/\/grausa.com\/new\/wp-content\/uploads\/2018\/03\/101_0068-1024x768.jpg 1024w\" sizes=\"(max-width: 4608px) 100vw, 4608px\" \/><\/p>\n<\/div><\/div><div class=\"su-column su-column-size-1-3\"><div class=\"su-column-inner su-u-clearfix su-u-trim\">\n<img loading=\"lazy\" src=\"http:\/\/grausa.com\/new\/wp-content\/uploads\/2016\/12\/id02.jpg\" width=\"676\" height=\"461\" \/><br \/>\n<\/div><\/div><div class=\"su-column su-column-size-1-3\"><div class=\"su-column-inner su-u-clearfix su-u-trim\">\n<img src=\"http:\/\/grausa.com\/new\/wp-content\/uploads\/2016\/12\/id03.jpg\" \/><br \/>\n<\/div><\/div>\n<p>&nbsp;<\/p>\n","protected":false},"excerpt":{"rendered":"<p>Projectes R+D Entitat Protectora de l&#8217;Associaci\u00f3 Espanyola de Qu\u00edmics i Coloristes T\u00e8xtils AEQCT Empresa associada al Centre Tecnol\u00f2gic AITEX Normes UNE 166002 juntament amb el Centre Tecnol\u00f2gic LEITAT. ECUVal. Projecte europeu de R + D per decoloraci\u00f3 d&#8217;aig\u00fces amb la U.P.C. Grau, S.A. participa en el projecte ECUVal, un nou tractament per decoloraci\u00f3 d&#8217;aig\u00fces despr\u00e9s &hellip;<\/p>\n","protected":false},"author":3,"featured_media":0,"parent":0,"menu_order":0,"comment_status":"closed","ping_status":"closed","template":"","meta":{"kk_blocks_editor_width":"","_kiokenblocks_attr":"","_kiokenblocks_dimensions":""},"_links":{"self":[{"href":"http:\/\/grausa.com\/new\/wp-json\/wp\/v2\/pages\/1549"}],"collection":[{"href":"http:\/\/grausa.com\/new\/wp-json\/wp\/v2\/pages"}],"about":[{"href":"http:\/\/grausa.com\/new\/wp-json\/wp\/v2\/types\/page"}],"author":[{"embeddable":true,"href":"http:\/\/grausa.com\/new\/wp-json\/wp\/v2\/users\/3"}],"replies":[{"embeddable":true,"href":"http:\/\/grausa.com\/new\/wp-json\/wp\/v2\/comments?post=1549"}],"version-history":[{"count":3,"href":"http:\/\/grausa.com\/new\/wp-json\/wp\/v2\/pages\/1549\/revisions"}],"predecessor-version":[{"id":2104,"href":"http:\/\/grausa.com\/new\/wp-json\/wp\/v2\/pages\/1549\/revisions\/2104"}],"wp:attachment":[{"href":"http:\/\/grausa.com\/new\/wp-json\/wp\/v2\/media?parent=1549"}],"curies":[{"name":"wp","href":"https:\/\/api.w.org\/{rel}","templated":true}]}}