{"id":1516,"date":"2017-01-19T10:08:03","date_gmt":"2017-01-19T10:08:03","guid":{"rendered":"http:\/\/grausa.com\/new\/?page_id=1516"},"modified":"2018-03-08T14:56:04","modified_gmt":"2018-03-08T14:56:04","slug":"almacen","status":"publish","type":"page","link":"http:\/\/grausa.com\/new\/almacen\/","title":{"rendered":"Magatzem"},"content":{"rendered":"<p>Magatzem per log\u00edstica, preparaci\u00f3 i estoc de tot tipus de teixits, preparaci\u00f3 de partides, control d&#8217;estocs, revisi\u00f3 i control del g\u00e8nere a la recepci\u00f3 per comprovar si s&#8217;ajusta als est\u00e0ndards del client.<\/p>\n<div class=\"su-row\"><\/div><div class=\"su-column su-column-size-1-3\"><div class=\"su-column-inner su-u-clearfix su-u-trim\">\n<p><img loading=\"lazy\" class=\"size-full wp-image-1968\" src=\"http:\/\/grausa.com\/new\/wp-content\/uploads\/2018\/03\/101_0045.jpg\" alt=\"KODAK Digital Still Camera\" width=\"4608\" height=\"3456\" srcset=\"http:\/\/grausa.com\/new\/wp-content\/uploads\/2018\/03\/101_0045.jpg 4608w, http:\/\/grausa.com\/new\/wp-content\/uploads\/2018\/03\/101_0045-300x225.jpg 300w, http:\/\/grausa.com\/new\/wp-content\/uploads\/2018\/03\/101_0045-768x576.jpg 768w, http:\/\/grausa.com\/new\/wp-content\/uploads\/2018\/03\/101_0045-1024x768.jpg 1024w\" sizes=\"(max-width: 4608px) 100vw, 4608px\" \/><br \/>\n<\/div><\/div><div class=\"su-column su-column-size-1-3\"><div class=\"su-column-inner su-u-clearfix su-u-trim\">\n<img loading=\"lazy\" class=\"alignnone size-full wp-image-1969\" src=\"http:\/\/grausa.com\/new\/wp-content\/uploads\/2018\/03\/IMG_6120.jpg\" alt=\"IMG_6120\" width=\"3648\" height=\"2736\" srcset=\"http:\/\/grausa.com\/new\/wp-content\/uploads\/2018\/03\/IMG_6120.jpg 3648w, http:\/\/grausa.com\/new\/wp-content\/uploads\/2018\/03\/IMG_6120-300x225.jpg 300w, http:\/\/grausa.com\/new\/wp-content\/uploads\/2018\/03\/IMG_6120-768x576.jpg 768w, http:\/\/grausa.com\/new\/wp-content\/uploads\/2018\/03\/IMG_6120-1024x768.jpg 1024w\" sizes=\"(max-width: 3648px) 100vw, 3648px\" \/><br \/>\n<\/div><\/div><div class=\"su-column su-column-size-1-3\"><div class=\"su-column-inner su-u-clearfix su-u-trim\">\n<img src=\"http:\/\/grausa.com\/new\/wp-content\/uploads\/2016\/12\/alm01.jpg\" \/><br \/>\n<\/div><\/div>\n","protected":false},"excerpt":{"rendered":"<p>Magatzem per log\u00edstica, preparaci\u00f3 i estoc de tot tipus de teixits, preparaci\u00f3 de partides, control d&#8217;estocs, revisi\u00f3 i control del g\u00e8nere a la recepci\u00f3 per comprovar si s&#8217;ajusta als est\u00e0ndards del client.<\/p>\n","protected":false},"author":1,"featured_media":0,"parent":0,"menu_order":0,"comment_status":"closed","ping_status":"closed","template":"","meta":{"kk_blocks_editor_width":"","_kiokenblocks_attr":"","_kiokenblocks_dimensions":""},"_links":{"self":[{"href":"http:\/\/grausa.com\/new\/wp-json\/wp\/v2\/pages\/1516"}],"collection":[{"href":"http:\/\/grausa.com\/new\/wp-json\/wp\/v2\/pages"}],"about":[{"href":"http:\/\/grausa.com\/new\/wp-json\/wp\/v2\/types\/page"}],"author":[{"embeddable":true,"href":"http:\/\/grausa.com\/new\/wp-json\/wp\/v2\/users\/1"}],"replies":[{"embeddable":true,"href":"http:\/\/grausa.com\/new\/wp-json\/wp\/v2\/comments?post=1516"}],"version-history":[{"count":3,"href":"http:\/\/grausa.com\/new\/wp-json\/wp\/v2\/pages\/1516\/revisions"}],"predecessor-version":[{"id":1973,"href":"http:\/\/grausa.com\/new\/wp-json\/wp\/v2\/pages\/1516\/revisions\/1973"}],"wp:attachment":[{"href":"http:\/\/grausa.com\/new\/wp-json\/wp\/v2\/media?parent=1516"}],"curies":[{"name":"wp","href":"https:\/\/api.w.org\/{rel}","templated":true}]}}