{"id":1500,"date":"2015-07-17T12:52:17","date_gmt":"2015-07-17T12:52:17","guid":{"rendered":"http:\/\/grausa.com\/new\/acabados\/"},"modified":"2018-03-15T17:03:11","modified_gmt":"2018-03-15T17:03:11","slug":"acabados","status":"publish","type":"page","link":"http:\/\/grausa.com\/new\/acabados\/","title":{"rendered":"Acabats"},"content":{"rendered":"<p>Termofixat, soft, envellit, tumblejat, airos, perxats, esmerilats, tundits, cilindrat-planxat, decatizat continu i discontinu, KD, calandrat, cirat, sanforitzat, crash transfer, sponging-vaporitzat, acabats qu\u00edmics, hidrofugat, tefl\u00f3, anti taques, ign\u00edfug, sanitized, transpirable, antiest\u00e0tic, silicones, etc.<\/p>\n<p>Draperia, llaneria, camiseria, teixits t\u00e8cnics, tecnos, tapisseria, infantil, cot\u00f3, lli.<\/p>\n<p>Especialistes en moda i teixits t\u00e8cnics.<\/p>\n<p>&nbsp;<\/p>\n<div class=\"su-row\"><div class=\"su-column su-column-size-1-3\"><div class=\"su-column-inner su-u-clearfix su-u-trim\">\n<img loading=\"lazy\" class=\"alignnone wp-image-1994 size-full\" src=\"http:\/\/grausa.com\/new\/wp-content\/uploads\/2018\/03\/IMG_0434.jpg\" alt=\"IMG_0434\" width=\"640\" height=\"480\" srcset=\"http:\/\/grausa.com\/new\/wp-content\/uploads\/2018\/03\/IMG_0434.jpg 640w, http:\/\/grausa.com\/new\/wp-content\/uploads\/2018\/03\/IMG_0434-300x225.jpg 300w\" sizes=\"(max-width: 640px) 100vw, 640px\" \/><br \/>\n<\/div><\/div><div class=\"su-column su-column-size-1-3\"><div class=\"su-column-inner su-u-clearfix su-u-trim\">\n<img src=\"http:\/\/grausa.com\/new\/wp-content\/uploads\/2016\/12\/acabados02.jpg\" \/><br \/>\n<\/div><\/div><div class=\"su-column su-column-size-1-3\"><div class=\"su-column-inner su-u-clearfix su-u-trim\">\n<img loading=\"lazy\" class=\"alignnone wp-image-1993 size-full\" src=\"http:\/\/grausa.com\/new\/wp-content\/uploads\/2018\/03\/IMG_0433.jpg\" alt=\"IMG_0433\" width=\"640\" height=\"480\" srcset=\"http:\/\/grausa.com\/new\/wp-content\/uploads\/2018\/03\/IMG_0433.jpg 640w, http:\/\/grausa.com\/new\/wp-content\/uploads\/2018\/03\/IMG_0433-300x225.jpg 300w\" sizes=\"(max-width: 640px) 100vw, 640px\" \/><br \/>\n<\/div><\/div>\n<div class=\"su-row\"><\/div><div class=\"su-column su-column-size-1-5\"><div class=\"su-column-inner su-u-clearfix su-u-trim\">\n<\/div><\/div><div class=\"su-column su-column-size-1-5\"><div class=\"su-column-inner su-u-clearfix su-u-trim\">\n<\/div><\/div><\/div>\n","protected":false},"excerpt":{"rendered":"<p>Termofixat, soft, envellit, tumblejat, airos, perxats, esmerilats, tundits, cilindrat-planxat, decatizat continu i discontinu, KD, calandrat, cirat, sanforitzat, crash transfer, sponging-vaporitzat, acabats qu\u00edmics, hidrofugat, tefl\u00f3, anti taques, ign\u00edfug, sanitized, transpirable, antiest\u00e0tic, silicones, etc. Draperia, llaneria, camiseria, teixits t\u00e8cnics, tecnos, tapisseria, infantil, cot\u00f3, lli. Especialistes en moda i teixits t\u00e8cnics. &nbsp;<\/p>\n","protected":false},"author":1,"featured_media":0,"parent":0,"menu_order":0,"comment_status":"closed","ping_status":"closed","template":"","meta":{"kk_blocks_editor_width":"","_kiokenblocks_attr":"","_kiokenblocks_dimensions":""},"_links":{"self":[{"href":"http:\/\/grausa.com\/new\/wp-json\/wp\/v2\/pages\/1500"}],"collection":[{"href":"http:\/\/grausa.com\/new\/wp-json\/wp\/v2\/pages"}],"about":[{"href":"http:\/\/grausa.com\/new\/wp-json\/wp\/v2\/types\/page"}],"author":[{"embeddable":true,"href":"http:\/\/grausa.com\/new\/wp-json\/wp\/v2\/users\/1"}],"replies":[{"embeddable":true,"href":"http:\/\/grausa.com\/new\/wp-json\/wp\/v2\/comments?post=1500"}],"version-history":[{"count":9,"href":"http:\/\/grausa.com\/new\/wp-json\/wp\/v2\/pages\/1500\/revisions"}],"predecessor-version":[{"id":2002,"href":"http:\/\/grausa.com\/new\/wp-json\/wp\/v2\/pages\/1500\/revisions\/2002"}],"wp:attachment":[{"href":"http:\/\/grausa.com\/new\/wp-json\/wp\/v2\/media?parent=1500"}],"curies":[{"name":"wp","href":"https:\/\/api.w.org\/{rel}","templated":true}]}}